{"id":1649,"date":"2021-11-16T17:42:56","date_gmt":"2021-11-16T17:42:56","guid":{"rendered":"http:\/\/zahnarzt-kifle.de\/?page_id=1649"},"modified":"2021-11-16T17:42:57","modified_gmt":"2021-11-16T17:42:57","slug":"datenschutzerklaerung","status":"publish","type":"page","link":"https:\/\/zahnarzt-kifle.de\/?page_id=1649","title":{"rendered":"Datenschutzerkl\u00e4rung"},"content":{"rendered":"\n<style type=\"text\/css\" data-created_by=\"avia_inline_auto\" id=\"style-css-av-av_one_full-1e26125d131ba13f1accaa8241be1528\">\n.flex_column.av-av_one_full-1e26125d131ba13f1accaa8241be1528{\nborder-radius:0px 0px 0px 0px;\n-webkit-border-radius:0px 0px 0px 0px;\n-moz-border-radius:0px 0px 0px 0px;\n}\n<\/style>\n<div class='flex_column av-av_one_full-1e26125d131ba13f1accaa8241be1528 av_one_full  avia-builder-el-0  avia-builder-el-no-sibling  first flex_column_div av-zero-column-padding '   ><section  class='av_textblock_section av-kw2dvned-e0ec76a591774498d04eb96113f060df'  itemscope=\"itemscope\" itemtype=\"https:\/\/schema.org\/CreativeWork\" ><div class='avia_textblock'  itemprop=\"text\" ><p>Datenschutzerkl\u00e4rung<\/p>\n<p>Wir f\u00fchren unsere Webseiten nach den im Folgenden geregelten Grunds\u00e4tzen: Wir verpflichten uns, die gesetzlichen Bestimmungen zum Datenschutz einzuhalten und bem\u00fchen uns, stets die Grunds\u00e4tze der Datenvermeidung und der Datenminimierung zu ber\u00fccksichtigen.<\/p>\n<p>1. Name und Anschrift des Verantwortlichen<br \/>\nDer Verantwortliche im Sinne der Datenschutz-Grundverordnung und anderer nationaler Datenschutzgesetze der Mitgliedsstaaten der Europ\u00e4ischen Union sowie sonstiger datenschutzrechtlicher Bestimmungen ist:<\/p>\n<p>Zahnarztpraxis<br \/>\nDaniel Kifle<br \/>\nKaiserstra\u00dfe 12<br \/>\n60311 Frankfurt am Main<br \/>\nTelefon +49 (0) 69 285664<br \/>\nTelefax +49 (0) 69 285666<br \/>\nE-Mail info@zahnarzt-kifle.de<\/p>\n<p>2. Begriffserkl\u00e4rungen<br \/>\nWir haben unsere Datenschutzerkl\u00e4rung nach den Grunds\u00e4tzen der Klarheit und Transparenz gestaltet. Sollten dennoch Unklarheiten in Bezug auf die Verwendung von verschiedenen Begrifflichkeiten bestehen, k\u00f6nnen die entsprechenden Definitionen hier eingesehen werden.<\/p>\n<p>3. Rechtsgrundlage f\u00fcr die Verarbeitung von personenbezogenen Daten<br \/>\nWir verarbeiten Ihre personenbezogenen Daten wie bspw. Ihren Namen und Vornamen, Ihre E-Mail-Adresse und IP-Adresse usw. nur, wenn hierf\u00fcr eine gesetzliche Grundlage gegeben ist. Hier kommen nach der Datenschutzgrundverordnung insbesondere drei Regelungen in Betracht:<\/p>\n<p>1 Sie haben uns Ihre Einwilligung zu der Verarbeitung Ihrer personenbezogenen Daten f\u00fcr einen oder mehrere Zwecke erteilt, Art. 6 Abs. 1 S. 1 lit. a DSGVO. Sie werden in diesem Zusammenhang von uns \u00fcber den Zweck bzw. die Zwecke der Verarbeitung ausf\u00fchrlich informiert und Ihre ausdr\u00fcckliche Einwilligung wird bei uns dokumentiert.<\/p>\n<p>2 Die Verarbeitung Ihrer personenbezogenen Daten ist f\u00fcr die Erf\u00fcllung eines Vertrags oder zur Durchf\u00fchrung vorvertraglicher Ma\u00dfnahmen mit Ihnen erforderlich, Art. 6 Abs. 1 S. 1 lit. b DSGVO.<\/p>\n<p>3 Die Verarbeitung der personenbezogenen Daten ist zur Wahrung unserer berechtigten Interessen erforderlich, sofern nicht Ihre Interessen oder Grundrechte und Grundfreiheiten \u00fcberwiegen, Art. 6 Abs. 1 S. 1 lit. f DSGVO.<br \/>\nWir weisen Sie aber an den jeweiligen Stellen immer noch einmal darauf hin, auf welcher Rechtsgrundlage die Verarbeitung Ihrer personenbezogenen Daten erfolgt.<\/p>\n<p>4. Weitergabe der personenbezogenen Daten<br \/>\nEine \u00dcbermittlung Ihrer pers\u00f6nlichen Daten an Dritte zu anderen als den im Folgenden aufgef\u00fchrten Zwecken findet nicht statt. Wir geben Ihre pers\u00f6nlichen Daten nur an Dritte weiter, wenn:<\/p>\n<p>1 Sie Ihre ausdr\u00fcckliche Einwilligung nach Art. 6 Abs. 1 S. 1 lit. a DSGVO dazu erteilt haben,<\/p>\n<p>2 die Weitergabe nach Art. 6 Abs. 1 S. 1 lit. f DSGVO zur Geltendmachung, Aus\u00fcbung oder Verteidigung von Rechtsanspr\u00fcchen erforderlich ist und kein Grund zur Annahme besteht, dass Sie ein \u00fcberwiegendes schutzw\u00fcrdiges Interesse an der Nichtweitergabe Ihrer Daten haben,<\/p>\n<p>3 f\u00fcr die Weitergabe nach Art. 6 Abs. 1 S. 1 lit. c DSGVO eine gesetzliche Verpflichtung besteht<\/p>\n<p>4 dies gesetzlich zul\u00e4ssig und nach Art. 6 Abs. 1 S. 1 lit. b DSGVO f\u00fcr die Abwicklung von Vertragsverh\u00e4ltnissen mit Ihnen erforderlich ist.<\/p>\n<p>5. Speicherdauer und L\u00f6schung<br \/>\nWir speichern alle personenbezogenen Daten, die Sie uns \u00fcbermitteln, nur so lange, wie sie ben\u00f6tigt werden, um die Zwecke zu erf\u00fcllen, zu denen diese Daten \u00fcbermittelt wurden, oder solange dies von Gesetzes wegen vorgeschrieben ist. Mit Zweckerf\u00fcllung und\/oder Ablauf der gesetzlichen Speicherungsfristen werden die Daten von uns gel\u00f6scht oder gesperrt.<\/p>\n<p>6. Erhebung und Speicherung von personenbezogenen Daten sowie deren Art und Zweck der Verwendung<br \/>\nBeim Besuch der Webseite<br \/>\nBeim Aufrufen unserer Webseite werden durch den auf Ihrem Endger\u00e4t zum Einsatz kommenden Browser automatisch Informationen an den Server unserer Webseite gesendet. Diese Informationen werden tempor\u00e4r in einem sogenannten Logfile gespeichert. Folgende Informationen werden dabei ohne Ihr Zutun erfasst und bis zur automatisierten L\u00f6schung gespeichert:<br \/>\n\u2022 IP-Adresse des anfragenden Rechners<br \/>\n\u2022 Datum und Uhrzeit des Zugriffs<br \/>\n\u2022 Name und URL der abgerufenen Datei<br \/>\n\u2022 verwendeter Browser und ggf. das Betriebssystem Ihres Rechners sowie der Name Ihres Access-Providers<br \/>\nDie genannten Daten werden durch uns zu folgenden Zwecken verarbeitet:<br \/>\n\u2022 Auswertung der Systemsicherheit und -stabilit\u00e4t<br \/>\n\u2022 zu weiteren administrativen Zwecken<\/p>\n<p>Daten, die einen R\u00fcckschluss auf Ihre Person zulassen, wie bspw. die IP-Adresse, werden sp\u00e4testens nach 7 Tagen gel\u00f6scht. Sollten wir die Daten \u00fcber diesen Zeitraum hinaus speichern, werden diese Daten pseudonymisiert, so dass eine Zuordnung zu Ihnen nicht mehr m\u00f6glich ist.<br \/>\nDie Rechtsgrundlage f\u00fcr die Datenverarbeitung ist Art. 6 Abs. 1 S. 1 lit. f DSGVO. Unser berechtigtes Interesse folgt aus oben aufgelisteten Zwecken zur Datenerhebung. In keinem Fall verwenden wir die erhobenen Daten zu dem Zweck, R\u00fcckschl\u00fcsse auf Ihre Person zu ziehen.<br \/>\nKontaktformular \/ E-Mail-Kontakt<br \/>\nWir stellen Ihnen auf unserer Webseite ein Formular zur Verf\u00fcgung, so dass Sie die M\u00f6glichkeit haben, jederzeit Kontakt mit uns aufzunehmen. F\u00fcr die Verwendung des Kontaktformulars ist die Angabe eines Namens f\u00fcr eine pers\u00f6nliche Anrede und einer g\u00fcltigen E-Mail-Adresse zur Kontaktaufnahme notwendig, damit wir wissen, von wem die Anfrage stammt und diese auch bearbeiten k\u00f6nnen.<br \/>\nWenn Sie uns per Kontaktformular Anfragen zukommen lassen, werden Ihre Angaben aus dem Anfrageformular inklusive der von Ihnen dort angegebenen Kontaktdaten sowie Ihre IP-Adresse gem. Art. 6 Abs. S. 1 lit. b und f DSGVO zur Durchf\u00fchrung vorvertraglicher Ma\u00dfnahmen, die auf Ihre Anfrage hin erfolgen bzw. zur Wahrnehmung unseres berechtigten Interesses, n\u00e4mlich zur Aus\u00fcbung unserer gesch\u00e4ftlichen T\u00e4tigkeit verarbeitet.<br \/>\nGerne k\u00f6nnen Sie uns auch stattdessen eine E-Mail unter Verwendung der auf unserer Webseite angegebenen E-Mail-Adresse zusenden. Wir speichern und verarbeiten in diesem Fall Ihre E-Mail-Adresse sowie die von Ihnen im Rahmen der E-Mail gemachten Angaben gem\u00e4\u00df Art. 6 Abs. S. 1 lit. b und f DSGVO zur Bearbeitung Ihrer Nachricht.<br \/>\nDie Anfragen sowie die damit einhergehenden Daten werden sp\u00e4testens 3 Monate nach Erhalt gel\u00f6scht, sofern diese nicht f\u00fcr eine weitere vertragliche Beziehung ben\u00f6tigt werden.<\/p>\n<p>7. Cookies<br \/>\nWir setzen auf unserer Webseite keine Cookies ein.<\/p>\n<p>8. Analyse- und Trackingtools<br \/>\nWir setzen auf unserer Webseite keine Analyse- und Trackingtools ein.<\/p>\n<p>9. Rechte des Betroffenen<br \/>\nIhnen stehen folgende Rechte zu:<\/p>\n<p>Auskunft<br \/>\nSie haben gem\u00e4\u00df Art. 15 DSGVO das Recht, Auskunft \u00fcber Ihre von uns verarbeiteten personenbezogenen Daten zu verlangen. Dieses Auskunftsrecht umfasst dabei Informationen \u00fcber<br \/>\n\u2022 die Verarbeitungszwecke<br \/>\n\u2022 die Kategorien der personenbezogenen Daten<br \/>\n\u2022 die Empf\u00e4nger oder Kategorien von Empf\u00e4ngern, gegen\u00fcber denen Ihre Daten offengelegt wurden oder werden<br \/>\n\u2022 die geplante Speicherdauer oder zumindest die Kriterien f\u00fcr die Festlegung der Speicherdauer<br \/>\n\u2022 das Bestehen eines Rechts auf Berichtigung, L\u00f6schung, Einschr\u00e4nkung der Verarbeitung oder Widerspruch<br \/>\n\u2022 das Bestehen eines Beschwerderechts bei einer Aufsichtsbeh\u00f6rde<br \/>\n\u2022 die Herkunft Ihrer personenbezogenen Daten, sofern diese nicht bei uns erhoben wurden<br \/>\n\u2022 das Bestehen einer automatisierten Entscheidungsfindung einschlie\u00dflich Profiling und ggf. aussagekr\u00e4ftigen Informationen zu deren Einzelheiten<br \/>\nBerichtigung<br \/>\nIhnen steht nach Art. 16 DSGVO ein Recht auf unverz\u00fcgliche Berichtigung unrichtiger oder unvollst\u00e4ndiger gespeicherter personenbezogener Daten bei uns zu.<\/p>\n<p>L\u00f6schung<br \/>\nSie haben nach Art. 17 DSGVO das Recht, die unverz\u00fcgliche L\u00f6schung Ihrer personenbezogenen Daten bei uns zu verlangen, soweit die weitere Verarbeitung nicht aus einem der nachfolgenden Gr\u00fcnde erforderlich ist:<br \/>\n\u2022 zur Aus\u00fcbung des Rechts auf freie Meinungs\u00e4u\u00dferung und Information<br \/>\n\u2022 zur Erf\u00fcllung einer rechtlichen Verpflichtung, die die Verarbeitung nach dem Recht der Europ\u00e4ischen Union oder der Mitgliedstaaten, dem der Verantwortliche unterliegt, erfordert, oder zur Wahrnehmung einer Aufgabe, die im \u00f6ffentlichen Interesse liegt oder in Aus\u00fcbung \u00f6ffentlicher Gewalt erfolgt, die dem Verantwortlichen \u00fcbertragen wurde<br \/>\n\u2022 aus Gr\u00fcnden des \u00f6ffentlichen Interesses im Bereich der \u00f6ffentlichen Gesundheit gem\u00e4\u00df Art. 9 Abs. 2 lit. h und i sowie Art. 9 Abs. 3 DSGVO<br \/>\n\u2022 f\u00fcr im \u00f6ffentlichen Interesse liegende Archivzwecke, wissenschaftliche oder historische Forschungszwecke oder f\u00fcr statistische Zwecke gem. Art. 89 Abs. 1 DSGVO, soweit das unter Abschnitt a) genannte Recht voraussichtlich die Verwirklichung der Ziele dieser Verarbeitung unm\u00f6glich macht oder ernsthaft beeintr\u00e4chtigt<br \/>\n\u2022 zur Geltendmachung, Aus\u00fcbung oder Verteidigung von Rechtsanspr\u00fcchen<br \/>\nEinschr\u00e4nkung der Verarbeitung<br \/>\nSie k\u00f6nnen gem\u00e4\u00df Art. 18 DSGVO die Einschr\u00e4nkung der Verarbeitung Ihrer personenbezogenen Daten aus einem der nachfolgenden Gr\u00fcnde verlangen:<br \/>\n\u2022 Sie bestreiten die Richtigkeit Ihrer personenbezogenen Daten.<br \/>\n\u2022 Die Verarbeitung ist unrechtm\u00e4\u00dfig und Sie lehnen die L\u00f6schung der personenbezogenen Daten ab.<br \/>\n\u2022 Wir ben\u00f6tigen die personenbezogenen Daten f\u00fcr die Zwecke der Verarbeitung nicht l\u00e4nger, Sie ben\u00f6tigen diese jedoch zur Geltendmachung, Aus\u00fcbung oder Verteidigung von Rechtsanspr\u00fcchen.<br \/>\n\u2022 Sie legen Widerspruch gegen die Verarbeitung gem\u00e4\u00df Art. 21 Abs. 1 DSGVO ein.<br \/>\nUnterrichtung<\/p>\n<p>Wenn Sie die Berichtigung oder L\u00f6schung Ihrer personenbezogenen Daten oder eine Einschr\u00e4nkung der Verarbeitung nach Art. 16, Art. 17 Abs. 1 und Art. 18 DSGVO verlangt haben, teilen wir dies allen Empf\u00e4ngern, denen Ihre personenbezogenen Daten offengelegt wurden, mit, es sei denn, dies erweist sich als unm\u00f6glich oder ist mit einem unverh\u00e4ltnism\u00e4\u00dfigen Aufwand verbunden. Sie k\u00f6nnen von uns verlangen, dass wir Ihnen diese Empf\u00e4nger mitteilen.<\/p>\n<p>\u00dcbermittlung<br \/>\nSie haben das Recht, Ihre personenbezogenen Daten, die Sie uns bereitgestellt haben, in einem strukturierten, g\u00e4ngigen und maschinenlesbaren Format zu erhalten.<\/p>\n<p>Sie haben ebenfalls das Recht, die \u00dcbermittlung dieser Daten an einen Dritten zu verlangen, sofern die Verarbeitung mithilfe automatisierter Verfahren erfolgte und auf einer Einwilligung gem\u00e4\u00df Art. 6 Abs. 1 S. 1 lit. a oder Art. 9 Abs. 2 lit. a oder auf einem Vertrag gem\u00e4\u00df Art. 6 Abs. 1 S. 1 lit. b DSGVO beruht.<\/p>\n<p>Widerruf<br \/>\nSie haben gem\u00e4\u00df Art. 7 Abs. 3 DSGVO das Recht, ihre erteilte Einwilligung jederzeit uns gegen\u00fcber zu widerrufen. Durch den Widerruf der Einwilligung wird die Rechtm\u00e4\u00dfigkeit der aufgrund der Einwilligung bis zum Widerruf erfolgten Verarbeitung nicht ber\u00fchrt. Zuk\u00fcnftig d\u00fcrfen wir die Datenverarbeitung, die auf Ihrer widerrufenen Einwilligung beruhte nicht mehr fortf\u00fchren.<\/p>\n<p>Beschwerde<br \/>\nSie haben gem\u00e4\u00df Art. 77 DSGVO das Recht, sich bei einer Aufsichtsbeh\u00f6rde zu beschweren, wenn Sie der Ansicht sind, dass die Verarbeitung Ihrer personenbezogenen Daten gegen die DSGVO verst\u00f6\u00dft.<\/p>\n<p>Widerspruch<br \/>\nSofern Ihre personenbezogenen Daten auf Grundlage von berechtigten Interessen gem\u00e4\u00df Art. 6 Abs. 1 S. 1 lit. f DSGVO verarbeitet werden, haben Sie das Recht, gem\u00e4\u00df Art. 21 DSGVO Widerspruch gegen die Verarbeitung Ihrer personenbezogenen Daten einzulegen, soweit daf\u00fcr Gr\u00fcnde vorliegen, die sich aus Ihrer besonderen Situation ergeben oder sich der Widerspruch gegen Direktwerbung richtet. Im letzteren Fall haben Sie ein generelles Widerspruchsrecht, das ohne Angabe der besonderen Situation von uns umgesetzt wird. M\u00f6chten Sie von Ihrem Widerrufs- oder Widerspruchsrecht Gebrauch machen, gen\u00fcgt eine E-Mail an info@zahnarzt-kifle.de.<br \/>\nAutomatisierte Entscheidung im Einzelfall einschlie\u00dflich Profiling<\/p>\n<p>Sie haben das Recht, nicht einer ausschlie\u00dflich auf einer automatisierten Verarbeitung \u2013 einschlie\u00dflich Profiling \u2013 beruhenden Entscheidung unterworfen zu werden, die Ihnen gegen\u00fcber rechtliche Wirkung entfaltet oder Sie in \u00e4hnlicher Weise erheblich beeintr\u00e4chtigt. Dies gilt nicht, wenn die Entscheidung<\/p>\n<p>1 f\u00fcr den Abschluss oder die Erf\u00fcllung eines Vertrags zwischen Ihnen und uns erforderlich ist<br \/>\n2 aufgrund von Rechtsvorschriften der Europ\u00e4ischen Union oder der Mitgliedstaaten, denen wir unterliegen, zul\u00e4ssig ist und diese Rechtsvorschriften angemessene Ma\u00dfnahmen zur Wahrung Ihrer Rechte und Freiheiten sowie Ihrer berechtigten Interessen enthalten<br \/>\n3 mit Ihrer ausdr\u00fccklichen Einwilligung erfolgt<\/p>\n<p>Allerdings d\u00fcrfen diese Entscheidungen nicht auf besonderen Kategorien personenbezogener Daten nach Art. 9 Abs. 1 DSGVO beruhen, sofern nicht Art. 9 Abs. 2 lit. a oder g DSGVO gilt und angemessene Ma\u00dfnahmen zum Schutz der Rechte und Freiheiten sowie Ihrer berechtigten Interessen getroffen wurden.<br \/>\nHinsichtlich der in i) und iii) genannten F\u00e4lle treffen wir angemessene Ma\u00dfnahmen, um die Rechte und Freiheiten sowie Ihre berechtigten Interessen zu wahren, wozu mindestens das Recht auf Erwirkung des Eingreifens einer Person von unserer Seite, auf Darlegung des eigenen Standpunkts und auf Anfechtung der Entscheidung geh\u00f6rt.<br \/>\n10. \u00c4nderung der Datenschutzerkl\u00e4rung<br \/>\nSollten wir die Datenschutzerkl\u00e4rung \u00e4ndern, dann wird dies auf der Webseite kenntlich gemacht und die registrierten Kunden werden per E-Mail dar\u00fcber informiert.<\/p>\n<\/div><\/section><\/div>\n","protected":false},"excerpt":{"rendered":"","protected":false},"author":1,"featured_media":0,"parent":0,"menu_order":0,"comment_status":"closed","ping_status":"closed","template":"","meta":[],"_links":{"self":[{"href":"https:\/\/zahnarzt-kifle.de\/index.php?rest_route=\/wp\/v2\/pages\/1649"}],"collection":[{"href":"https:\/\/zahnarzt-kifle.de\/index.php?rest_route=\/wp\/v2\/pages"}],"about":[{"href":"https:\/\/zahnarzt-kifle.de\/index.php?rest_route=\/wp\/v2\/types\/page"}],"author":[{"embeddable":true,"href":"https:\/\/zahnarzt-kifle.de\/index.php?rest_route=\/wp\/v2\/users\/1"}],"replies":[{"embeddable":true,"href":"https:\/\/zahnarzt-kifle.de\/index.php?rest_route=%2Fwp%2Fv2%2Fcomments&post=1649"}],"version-history":[{"count":1,"href":"https:\/\/zahnarzt-kifle.de\/index.php?rest_route=\/wp\/v2\/pages\/1649\/revisions"}],"predecessor-version":[{"id":1650,"href":"https:\/\/zahnarzt-kifle.de\/index.php?rest_route=\/wp\/v2\/pages\/1649\/revisions\/1650"}],"wp:attachment":[{"href":"https:\/\/zahnarzt-kifle.de\/index.php?rest_route=%2Fwp%2Fv2%2Fmedia&parent=1649"}],"curies":[{"name":"wp","href":"https:\/\/api.w.org\/{rel}","templated":true}]}}