{"id":1212,"date":"2020-05-30T11:51:30","date_gmt":"2020-05-30T11:51:30","guid":{"rendered":"http:\/\/zahnarzt-kifle.de\/?page_id=1212"},"modified":"2021-11-16T17:38:19","modified_gmt":"2021-11-16T17:38:19","slug":"1212-2","status":"publish","type":"page","link":"https:\/\/zahnarzt-kifle.de\/?page_id=1212","title":{"rendered":"LEISTUNGEN"},"content":{"rendered":"<div id='av-layout-grid-1'  class='av-layout-grid-container av-4r3ije-f30c1534ab80b545450d0fcc8e28fb63 entry-content-wrapper main_color av-flex-cells  avia-builder-el-0  el_before_av_section  avia-builder-el-first   container_wrap sidebar_right'  >\n\n<style type=\"text\/css\" data-created_by=\"avia_inline_auto\" id=\"style-css-av-4lumdu-6c6d7e4bf8febb159b568c0e655fcb18\">\n.flex_cell.av-4lumdu-6c6d7e4bf8febb159b568c0e655fcb18{\nvertical-align:middle;\nheight:500px;\nmin-height:500px;\npadding:0px 0px 0px 0px;\nbackground:url(https:\/\/zahnarzt-kifle.de\/wp-content\/uploads\/2021\/04\/contact.jpg) 0% 0% no-repeat scroll #22689e;\n}\n<\/style>\n<div class='flex_cell av_one_half av-4lumdu-6c6d7e4bf8febb159b568c0e655fcb18 no_margin  avia-builder-el-1  el_before_av_cell_one_half  avia-builder-el-first  av-zero-padding avia-full-stretch' ><div class='flex_cell_inner'><\/div><\/div>\n<style type=\"text\/css\" data-created_by=\"avia_inline_auto\" id=\"style-css-av-4gcn2i-1856caa9f71ccba34b4b75e188a4c25f\">\n.flex_cell.av-4gcn2i-1856caa9f71ccba34b4b75e188a4c25f{\nvertical-align:middle;\nheight:500px;\nmin-height:500px;\npadding:80px 80px 80px 80px;\nbackground-color:#a29793;\n}\n<\/style>\n<div class='flex_cell av_one_half av-4gcn2i-1856caa9f71ccba34b4b75e188a4c25f no_margin  avia-builder-el-2  el_after_av_cell_one_half  avia-builder-el-last ' ><div class='flex_cell_inner'>\n<style type=\"text\/css\" data-created_by=\"avia_inline_auto\" id=\"style-css-av-kvfncgd5-92a75d17fa6c524d3970d6128f8595da\">\n#top .av-special-heading.av-kvfncgd5-92a75d17fa6c524d3970d6128f8595da{\npadding-bottom:25px;\ncolor:#ffffff;\nfont-size:66px;\n}\nbody .av-special-heading.av-kvfncgd5-92a75d17fa6c524d3970d6128f8595da .av-special-heading-tag .heading-char{\nfont-size:25px;\n}\n#top #wrap_all .av-special-heading.av-kvfncgd5-92a75d17fa6c524d3970d6128f8595da .av-special-heading-tag{\nfont-size:66px;\n}\n.av-special-heading.av-kvfncgd5-92a75d17fa6c524d3970d6128f8595da .special-heading-inner-border{\nborder-color:#ffffff;\n}\n.av-special-heading.av-kvfncgd5-92a75d17fa6c524d3970d6128f8595da .av-subheading{\nfont-size:15px;\n}\n<\/style>\n<div  class='av-special-heading av-kvfncgd5-92a75d17fa6c524d3970d6128f8595da av-special-heading-h1 custom-color-heading blockquote modern-quote  avia-builder-el-3  avia-builder-el-no-sibling  av-inherit-size'><h1 class='av-special-heading-tag'  itemprop=\"headline\"  >     Fachwissen und Herzlichkeit<\/h1><div class=\"special-heading-border\"><div class=\"special-heading-inner-border\"><\/div><\/div><\/div>\n<\/div><\/div>\n<\/div>\n\n<style type=\"text\/css\" data-created_by=\"avia_inline_auto\" id=\"style-css-av-3wlwne-3563dca40e24e2ce4c0909594e705253\">\n.avia-section.av-3wlwne-3563dca40e24e2ce4c0909594e705253{\nbackground-repeat:no-repeat;\nbackground-image:url(https:\/\/zahnarzt-kifle.de\/wp-content\/uploads\/2021\/04\/01.jpg);\nbackground-position:100% 100%;\nbackground-attachment:scroll;\n}\n<\/style>\n<div id='av_section_1'  class='avia-section av-3wlwne-3563dca40e24e2ce4c0909594e705253 main_color avia-section-huge avia-no-border-styling  avia-builder-el-4  el_after_av_layout_row  avia-builder-el-last  avia-bg-style-scroll container_wrap sidebar_right'  data-section-bg-repeat='no-repeat'><div class='container av-section-cont-open' ><div class='template-page content  av-content-small alpha units'><div class='post-entry post-entry-type-page post-entry-1212'><div class='entry-content-wrapper clearfix'>\n<div class='flex_column_table av-dgw9u-7f684c43b9389b3a245184b80bbff336 sc-av_two_fifth av-equal-height-column-flextable'>\n<style type=\"text\/css\" data-created_by=\"avia_inline_auto\" id=\"style-css-av-dgw9u-7f684c43b9389b3a245184b80bbff336\">\n#top .flex_column_table.av-equal-height-column-flextable.av-dgw9u-7f684c43b9389b3a245184b80bbff336{\nmargin-top:-200px;\nmargin-bottom:0px;\n}\n.flex_column.av-dgw9u-7f684c43b9389b3a245184b80bbff336{\nborder-radius:0px 0px 0px 0px;\n-webkit-border-radius:0px 0px 0px 0px;\n-moz-border-radius:0px 0px 0px 0px;\npadding:40px 40px 40px 40px;\nbackground-color:#a29793;\n}\n<\/style>\n<div class='flex_column av-dgw9u-7f684c43b9389b3a245184b80bbff336 av_two_fifth  avia-builder-el-5  el_before_av_three_fifth  avia-builder-el-first  first no_margin flex_column_table_cell av-equal-height-column av-align-top '   ><p>\n<style type=\"text\/css\" data-created_by=\"avia_inline_auto\" id=\"style-css-av-katkq5ny-bdce2aa3c6f6a233ebf09d4b752b7021\">\n#top .av_textblock_section.av-katkq5ny-bdce2aa3c6f6a233ebf09d4b752b7021 .avia_textblock{\ncolor:#ffffff;\n}\n<\/style>\n<section  class='av_textblock_section av-katkq5ny-bdce2aa3c6f6a233ebf09d4b752b7021'  itemscope=\"itemscope\" itemtype=\"https:\/\/schema.org\/CreativeWork\" ><div class='avia_textblock av_inherit_color'  itemprop=\"text\" ><p>Die Zahnarztpraxis Kifle gibt alles f\u00fcr Ihre Zahngesundheit. Das angenehme Design der R\u00e4ume und\u00a0der Einsatz modernster Ger\u00e4te, wie dem strahlungsarmen R\u00f6ntgenapparat oder der intraoralen\u00a0Kamera, unterstreichen die Zuverl\u00e4ssigkeit und Hingabe des gesamten Teams.<\/p>\n<p>Gewinnen Sie hier einen Eindruck von unserem umfassenden Leistungsangebot der Zahnheilkunde\u00a0und Zahntechnik. Besonders stolz sind wir \u00fcber die positiven R\u00fcckmeldungen unserer Patienten.<\/p>\n<p>Kontaktieren Sie uns einfach, damit wir Ihnen schnellst- und bestm\u00f6glich helfen k\u00f6nnen.<\/p>\n<\/div><\/section><br \/>\n<div  class='hr av-72p9j0-1bddff33a2cfec2c72b1a9967b9c2a44 hr-default  avia-builder-el-7  el_after_av_textblock  el_before_av_button_big  avia-builder-el-last '><span class='hr-inner '><span class=\"hr-inner-style\"><\/span><\/span><\/div><br \/>\n<div  class='avia-button-wrap avia-button-center  avia-builder-el-8  el_after_av_hr  avia-builder-el-last ' >\n<style type=\"text\/css\" data-created_by=\"avia_inline_auto\" id=\"style-css-av-ko06u0rn-da71866b0c758873a141691089825b84\">\n#top #wrap_all .avia-button.av-ko06u0rn-da71866b0c758873a141691089825b84{\ncolor:#ffffff;\ntransition:all 0.4s ease-in-out;\n-webkit-transition:all 0.4s ease-in-out;\n-moz-transition:all 0.4s ease-in-out;\n-ms-transition:all 0.4s ease-in-out;\n-o-transition:all 0.4s ease-in-out;\n}\n#top #wrap_all .avia-button.av-ko06u0rn-da71866b0c758873a141691089825b84:hover{\ncolor:#ffffff;\ntransition:all 0.4s ease-in-out;\n-webkit-transition:all 0.4s ease-in-out;\n-moz-transition:all 0.4s ease-in-out;\n-ms-transition:all 0.4s ease-in-out;\n-o-transition:all 0.4s ease-in-out;\n}\n<\/style>\n<a href='https:\/\/zahnarzt-kifle.de\/?page_id=1470' class='avia-color-theme-color avia-button avia-button-fullwidth av-ko06u0rn-da71866b0c758873a141691089825b84 avia-icon_select-no avia-color-theme-color' ><span class='avia_iconbox_title' >TERMN VEREINBAREN<\/span><span class='avia_button_background avia-button avia-button-fullwidth avia-color-theme-color'><\/span><\/a><\/div><\/p><\/div>\n<style type=\"text\/css\" data-created_by=\"avia_inline_auto\" id=\"style-css-av-katl2ar8-fc354b75d49f17f473a482e7905021b0\">\n#top .flex_column_table.av-equal-height-column-flextable.av-katl2ar8-fc354b75d49f17f473a482e7905021b0{\nmargin-top:-200px;\nmargin-bottom:0px;\n}\n.flex_column.av-katl2ar8-fc354b75d49f17f473a482e7905021b0{\nborder-radius:-200px 0 0 0;\n-webkit-border-radius:-200px 0 0 0;\n-moz-border-radius:-200px 0 0 0;\npadding:15px 15px 15px 15px;\nbackground-color:#ffffff;\n}\n<\/style>\n<div class='flex_column av-katl2ar8-fc354b75d49f17f473a482e7905021b0 av_three_fifth  avia-builder-el-9  el_after_av_two_fifth  avia-builder-el-last  no_margin flex_column_table_cell av-equal-height-column av-align-top '   ><p><div  class='hr av-72p9j0-1bddff33a2cfec2c72b1a9967b9c2a44 hr-default  avia-builder-el-10  el_before_av_heading  avia-builder-el-first '><span class='hr-inner '><span class=\"hr-inner-style\"><\/span><\/span><\/div><br \/>\n\n<style type=\"text\/css\" data-created_by=\"avia_inline_auto\" id=\"style-css-av-av_heading-515e5e3facad33aa1dceeb7f4352501c\">\n#top .av-special-heading.av-av_heading-515e5e3facad33aa1dceeb7f4352501c{\npadding-bottom:10px;\n}\nbody .av-special-heading.av-av_heading-515e5e3facad33aa1dceeb7f4352501c .av-special-heading-tag .heading-char{\nfont-size:25px;\n}\n.av-special-heading.av-av_heading-515e5e3facad33aa1dceeb7f4352501c .av-subheading{\nfont-size:15px;\n}\n<\/style>\n<div  class='av-special-heading av-av_heading-515e5e3facad33aa1dceeb7f4352501c av-special-heading-h2 blockquote modern-quote modern-centered  avia-builder-el-11  el_after_av_hr  el_before_av_hr '><h2 class='av-special-heading-tag'  itemprop=\"headline\"  >UNSERE LEISTUNGEN<\/h2><div class=\"special-heading-border\"><div class=\"special-heading-inner-border\"><\/div><\/div><\/div><br \/>\n<div  class='hr av-72p9j0-1bddff33a2cfec2c72b1a9967b9c2a44 hr-default  avia-builder-el-12  el_after_av_heading  el_before_av_toggle_container '><span class='hr-inner '><span class=\"hr-inner-style\"><\/span><\/span><\/div><br \/>\n<div  class='togglecontainer av-kvfm80bl-43f602424761c010cd8d1cecd1175902  avia-builder-el-13  el_after_av_hr  avia-builder-el-last  toggle_close_all' >\n<section class='av_toggle_section av-2hfrfg-0220f9971b7b9f45b56bb1a56a07c583'  itemscope=\"itemscope\" itemtype=\"https:\/\/schema.org\/CreativeWork\" ><div role=\"tablist\" class=\"single_toggle\" data-tags=\"{Alle} \"  ><p data-fake-id='#toggle-id-1' class='toggler   '  itemprop=\"headline\"  role='tab' tabindex='0' aria-controls='toggle-id-1'>VORSORGEUNTERSUCHUNG<span class=\"toggle_icon\"><span class=\"vert_icon\"><\/span><span class=\"hor_icon\"><\/span><\/span><\/p><div id='toggle-id-1' class='toggle_wrap  '  ><div class='toggle_content invers-color '  itemprop=\"text\" ><p>Mindestens einmal im Jahr ist eine Vorsorgeuntersuchung Pflicht. Die\u00a0gesetzlichen Krankenkassen bezuschussen Zahnersatz n\u00e4mlich h\u00f6her, wenn Sie \u00fcber f\u00fcnf\u00a0Jahre hinweg eine l\u00fcckenlose j\u00e4hrliche Untersuchung nachweisen k\u00f6nnen. Daf\u00fcr eignet sich\u00a0das Bonusheft besonders gut. So behalten nicht nur Sie pers\u00f6nlich einen \u00dcberblick \u00fcber Ihre\u00a0Behandlungen, sondern k\u00f6nnen Ihrer Krankenkasse jederzeit den Nachweis erbringen, dass\u00a0Sie Prophylaxe betrieben haben. Bei uns erhalten Sie das Bonusheft, das wir bei jedem Ihrer\u00a0Besuche pflegen und Eintragungen vornehmen.\u00a0\u00dcbrigens erh\u00f6ht sich der Festzuschuss von 70 Prozent (5 Jahre) bei 10 Jahren l\u00fcckenloser\u00a0Vorsorgeuntersuchungen auf 75 Prozent! Sinnvoller war das F\u00fchren eines Bonusheftes noch\u00a0nie.<\/p>\n<\/div><\/div><\/div><\/section>\n<section class='av_toggle_section av-ij233w-af33d2932b000a40227e937929dc8961'  itemscope=\"itemscope\" itemtype=\"https:\/\/schema.org\/CreativeWork\" ><div role=\"tablist\" class=\"single_toggle\" data-tags=\"{Alle} \"  ><p data-fake-id='#toggle-id-2' class='toggler   '  itemprop=\"headline\"  role='tab' tabindex='0' aria-controls='toggle-id-2'>PROFESSIONELLE ZAHNREINIGUNG<span class=\"toggle_icon\"><span class=\"vert_icon\"><\/span><span class=\"hor_icon\"><\/span><\/span><\/p><div id='toggle-id-2' class='toggle_wrap  '  ><div class='toggle_content invers-color '  itemprop=\"text\" ><section class=\"av_textblock_section \">\n<div class=\"avia_textblock  \">\n<p>Eine professionelle Zahnreinigung sollte im Regelfall\u00a0ein bis zwei Mal im Jahr gemacht werden. Sie z\u00e4hlt zu den wichtigen Vorsorgebehandlungen,\u00a0die Ihre Zahngesundheit sicherstellen. Zwischen den Z\u00e4hnen finden sich gen\u00fcgend Stellen,\u00a0die von einer Zahnb\u00fcrste nicht ausreichen gereinigt werden k\u00f6nnen. Plaque entsteht! Unsere\u00a0Prophylaxemitarbeiterinnen k\u00fcmmern sich besonders gern um Ihre Zahnbel\u00e4ge und den\u00a0Zahnstein, der sich immer wieder bildet. Auch die Politur und Fluoridierung am Ende der\u00a0Behandlung geh\u00f6ren zum Service. Nehmen Sie Kontakt mit uns auf und vereinbaren Sie\u00a0einen Termin!<\/p>\n<\/div>\n<\/section>\n<div class=\"hr hr-default   avia-builder-el-42  el_after_av_textblock  el_before_av_heading \"><\/div>\n<\/div><\/div><\/div><\/section>\n<section class='av_toggle_section av-wsiycs-a10695d47dc6023da53c8d07693f3037'  itemscope=\"itemscope\" itemtype=\"https:\/\/schema.org\/CreativeWork\" ><div role=\"tablist\" class=\"single_toggle\" data-tags=\"{Alle} \"  ><p data-fake-id='#toggle-id-3' class='toggler   '  itemprop=\"headline\"  role='tab' tabindex='0' aria-controls='toggle-id-3'>BLEACHING<span class=\"toggle_icon\"><span class=\"vert_icon\"><\/span><span class=\"hor_icon\"><\/span><\/span><\/p><div id='toggle-id-3' class='toggle_wrap  '  ><div class='toggle_content invers-color '  itemprop=\"text\" ><p>Strahlend sch\u00f6ne Z\u00e4hne durch \u00e4sthetische Zahnmedizin. Das Z\u00e4hne bleichen\u00a0geh\u00f6rt ebenfalls zu unserem Leistungsangebot und entfernt Verf\u00e4rbungen, damit Sie wieder\u00a0breit l\u00e4cheln.\u00a0Das k\u00fcnstliche Aufhellen der Z\u00e4hne mit Bleichmitteln ist ein Vorgang, der in jedem Fall von\u00a0einem Profi, wie einem Zahnarzt, durchgef\u00fchrt werden muss. Farbstoffe aus Tee, Kaffee,\u00a0Tabak und Rotwein setzen sich auf den Z\u00e4hnen ab und werden durch die in den Bleichmitteln\u00a0enthaltenen Stoffe chemisch entf\u00e4rbt. F\u00fcr einen Beratungstermin zum Thema Zahnbleaching\u00a0kontaktieren Sie uns gern per Telefon oder E-Mail.<\/p>\n<\/div><\/div><\/div><\/section>\n<section class='av_toggle_section av-t2dcm4-2cf4250b1c0d558af4466816a64e2b47'  itemscope=\"itemscope\" itemtype=\"https:\/\/schema.org\/CreativeWork\" ><div role=\"tablist\" class=\"single_toggle\" data-tags=\"{Alle} \"  ><p data-fake-id='#toggle-id-4' class='toggler   '  itemprop=\"headline\"  role='tab' tabindex='0' aria-controls='toggle-id-4'>ENDODONTIE<span class=\"toggle_icon\"><span class=\"vert_icon\"><\/span><span class=\"hor_icon\"><\/span><\/span><\/p><div id='toggle-id-4' class='toggle_wrap  '  ><div class='toggle_content invers-color '  itemprop=\"text\" ><p>Dieses Teilgebiet der Zahnheilkunde befasst sich mit der Behandlung von\u00a0Krankheiten im Zahninnenraum, wie der Wurzelbehandlung. Das dort befindliche Zahnmark,\u00a0die Blutgef\u00e4\u00dfe und Nervenfasern sind \u00e4u\u00dferst empfindlich. Die Therapien sind ein\u00a0wesentlicher Faktor bei der Zahnerhaltung.<\/p>\n<\/div><\/div><\/div><\/section>\n<section class='av_toggle_section av-kxffu4-2cc3e54256775116568cc3bfda8a5181'  itemscope=\"itemscope\" itemtype=\"https:\/\/schema.org\/CreativeWork\" ><div role=\"tablist\" class=\"single_toggle\" data-tags=\"{Alle} \"  ><p data-fake-id='#toggle-id-5' class='toggler   '  itemprop=\"headline\"  role='tab' tabindex='0' aria-controls='toggle-id-5'>PARODONTITIS-BEHANDLUNG<span class=\"toggle_icon\"><span class=\"vert_icon\"><\/span><span class=\"hor_icon\"><\/span><\/span><\/p><div id='toggle-id-5' class='toggle_wrap  '  ><div class='toggle_content invers-color '  itemprop=\"text\" ><p>Laut aktuellen Berechnungen sind in Deutschland ca. 12\u00a0Millionen Menschen an einer parodontalen Erkrankung betroffen (Quelle: kzvh.de). Sie wird\u00a0durch Bakterien verursacht und beginnt zumeist mit einer Zahnfleischentz\u00fcndung. Anzeichen\u00a0sind R\u00f6tungen und Schwellungen des Zahnfleischs, sowie Zahnfleischbluten. In den meisten\u00a0F\u00e4llen treten Schmerzen erst bei einer weit fortgeschrittenen Entz\u00fcndung auf. Bei schweren\u00a0F\u00e4llen kann au\u00dfer dem Zahnfleisch und dem Zahnbett ebenfalls der Kieferknochen betroffen\u00a0sein. Um einen Zahnverlust zu vermeiden ist es sehr wichtig, dass Sie schnell einen Termin\u00a0mit uns vereinbaren!<\/p>\n<\/div><\/div><\/div><\/section>\n<section class='av_toggle_section av-g57t3w-a44e1be396efc4f40eaaae192bdaf53b'  itemscope=\"itemscope\" itemtype=\"https:\/\/schema.org\/CreativeWork\" ><div role=\"tablist\" class=\"single_toggle\" data-tags=\"{Alle} \"  ><p data-fake-id='#toggle-id-6' class='toggler   '  itemprop=\"headline\"  role='tab' tabindex='0' aria-controls='toggle-id-6'>PROTHETIK<span class=\"toggle_icon\"><span class=\"vert_icon\"><\/span><span class=\"hor_icon\"><\/span><\/span><\/p><div id='toggle-id-6' class='toggle_wrap  '  ><div class='toggle_content invers-color '  itemprop=\"text\" ><p>Hierbei handelt es sich um die Herstellung und Reparatur von Zahnersatz. Dazu\u00a0z\u00e4hlen festsitzende und herausnehmbare L\u00f6sungen, wie Implantate, Br\u00fccken, Kronen,\u00a0Veneers oder (Teil-)Prothesen. Als ausgebildeter Zahntechniker ist Dr. Kifle in der Lage kleine\u00a0Reparaturen und Anpassungen in der Praxis vorzunehmen. Ob Sie einen Zahnersatz\u00a0ben\u00f6tigen und in welcher Form, kann nur bei einer Untersuchung durch den Arzt festgestellt\u00a0werden.<\/p>\n<\/div><\/div><\/div><\/section>\n<section class='av_toggle_section av-2qtjx8-b7e7e8717a066d5cd4cdc29d6f525487'  itemscope=\"itemscope\" itemtype=\"https:\/\/schema.org\/CreativeWork\" ><div role=\"tablist\" class=\"single_toggle\" data-tags=\"{Alle} \"  ><p data-fake-id='#toggle-id-7' class='toggler   '  itemprop=\"headline\"  role='tab' tabindex='0' aria-controls='toggle-id-7'>IMPLANTATE<span class=\"toggle_icon\"><span class=\"vert_icon\"><\/span><span class=\"hor_icon\"><\/span><\/span><\/p><div id='toggle-id-7' class='toggle_wrap  '  ><div class='toggle_content invers-color '  itemprop=\"text\" ><p>Ein Implantat ist eine k\u00fcnstliche, im Kieferknochen eingesetzte Zahnwurzel.\u00a0Sie wird in den Kiefer geschraubt und ist dort stabil verankert. Die verwendeten Materialien\u00a0werden vom K\u00f6rper nicht als fremd empfunden, so dass sie gut einwachsen. In diese\u00a0k\u00fcnstliche Wurzel wiederum wird ein Mittelteil geschraubt, auf dem dann der feste oder\u00a0herausnehmbare Zahnersatz steckt. Das k\u00f6nnen Kronen, Br\u00fccken oder Teilprothesen sein.\u00a0Die Farbe des Zahnersatzes wird an die der anderen Z\u00e4hne angen\u00e4hert. Hier geben wir uns\u00a0besonders gro\u00dfe M\u00fche, damit Ihr strahlendes L\u00e4cheln m\u00f6glichst nat\u00fcrlich aussieht. Rufen\u00a0Sie uns f\u00fcr einen Beratungstermin einfach an!<\/p>\n<\/div><\/div><\/div><\/section>\n<section class='av_toggle_section av-av_toggle-8af70438dcebb8bd35accab46ebd89eb'  itemscope=\"itemscope\" itemtype=\"https:\/\/schema.org\/CreativeWork\" ><div role=\"tablist\" class=\"single_toggle\" data-tags=\"{Alle} \"  ><p data-fake-id='#toggle-id-8' class='toggler   '  itemprop=\"headline\"  role='tab' tabindex='0' aria-controls='toggle-id-8'>ANGTSPATIENTEN<span class=\"toggle_icon\"><span class=\"vert_icon\"><\/span><span class=\"hor_icon\"><\/span><\/span><\/p><div id='toggle-id-8' class='toggle_wrap  '  ><div class='toggle_content invers-color '  itemprop=\"text\" ><p>Normale oder \u00fcberm\u00e4\u00dfige Zahnarztangst sorgen h\u00e4ufig daf\u00fcr, dass die Zahnpflege und wichtige Kontrolluntersuchungen vernachl\u00e4ssigt werden. Wir empfehlen Ihnen als ersten Schritt einen Anruf bei uns und ein Beratungsgespr\u00e4ch ohne Druck. Lassen Sie uns \u00fcber Ihre Zahnarztangst sprechen und Ihnen einen detaillierten Behandlungsplan erstellen. Ihr Wohlbefinden und Ihre Zahngesundheit liegen uns wirklich am Herzen!<\/p>\n<\/div><\/div><\/div><\/section>\n<\/div><\/p><\/div><\/div><!--close column table wrapper. Autoclose: 1 --><\/div><\/div><\/div><!-- close content main div --><\/div><\/div><div id='after_section_1'  class='main_color av_default_container_wrap container_wrap sidebar_right'  ><div class='container av-section-cont-open' ><div class='template-page content  av-content-small alpha units'><div class='post-entry post-entry-type-page post-entry-1212'><div class='entry-content-wrapper clearfix'>\n","protected":false},"excerpt":{"rendered":"","protected":false},"author":1,"featured_media":0,"parent":0,"menu_order":0,"comment_status":"closed","ping_status":"closed","template":"","meta":[],"_links":{"self":[{"href":"https:\/\/zahnarzt-kifle.de\/index.php?rest_route=\/wp\/v2\/pages\/1212"}],"collection":[{"href":"https:\/\/zahnarzt-kifle.de\/index.php?rest_route=\/wp\/v2\/pages"}],"about":[{"href":"https:\/\/zahnarzt-kifle.de\/index.php?rest_route=\/wp\/v2\/types\/page"}],"author":[{"embeddable":true,"href":"https:\/\/zahnarzt-kifle.de\/index.php?rest_route=\/wp\/v2\/users\/1"}],"replies":[{"embeddable":true,"href":"https:\/\/zahnarzt-kifle.de\/index.php?rest_route=%2Fwp%2Fv2%2Fcomments&post=1212"}],"version-history":[{"count":55,"href":"https:\/\/zahnarzt-kifle.de\/index.php?rest_route=\/wp\/v2\/pages\/1212\/revisions"}],"predecessor-version":[{"id":1646,"href":"https:\/\/zahnarzt-kifle.de\/index.php?rest_route=\/wp\/v2\/pages\/1212\/revisions\/1646"}],"wp:attachment":[{"href":"https:\/\/zahnarzt-kifle.de\/index.php?rest_route=%2Fwp%2Fv2%2Fmedia&parent=1212"}],"curies":[{"name":"wp","href":"https:\/\/api.w.org\/{rel}","templated":true}]}}