{"id":1187,"date":"2020-05-30T11:15:15","date_gmt":"2020-05-30T11:15:15","guid":{"rendered":"http:\/\/zahnarzt-kifle.de\/?page_id=1187"},"modified":"2021-07-12T20:14:57","modified_gmt":"2021-07-12T20:14:57","slug":"the-private-practice","status":"publish","type":"page","link":"https:\/\/zahnarzt-kifle.de\/?page_id=1187","title":{"rendered":"DIE PRAXIS"},"content":{"rendered":"<div id='av-layout-grid-1'  class='av-layout-grid-container av-4r3ije-f30c1534ab80b545450d0fcc8e28fb63 entry-content-wrapper main_color av-flex-cells  avia-builder-el-0  el_before_av_section  avia-builder-el-first   container_wrap sidebar_right'  >\n\n<style type=\"text\/css\" data-created_by=\"avia_inline_auto\" id=\"style-css-av-4lumdu-d944bcc391fe225a2bd14a085fa239c1\">\n.flex_cell.av-4lumdu-d944bcc391fe225a2bd14a085fa239c1{\nvertical-align:middle;\nheight:500px;\nmin-height:500px;\npadding:0px 0px 0px 0px;\nbackground:url(https:\/\/zahnarzt-kifle.de\/wp-content\/uploads\/2021\/04\/oo.jpg) 0% 0% no-repeat scroll #ffffff;\n}\n<\/style>\n<div class='flex_cell av_one_half av-4lumdu-d944bcc391fe225a2bd14a085fa239c1 no_margin  avia-builder-el-1  el_before_av_cell_one_half  avia-builder-el-first  av-zero-padding avia-full-stretch' ><div class='flex_cell_inner'><\/div><\/div>\n<style type=\"text\/css\" data-created_by=\"avia_inline_auto\" id=\"style-css-av-4gcn2i-1856caa9f71ccba34b4b75e188a4c25f\">\n.flex_cell.av-4gcn2i-1856caa9f71ccba34b4b75e188a4c25f{\nvertical-align:middle;\nheight:500px;\nmin-height:500px;\npadding:80px 80px 80px 80px;\nbackground-color:#a29793;\n}\n<\/style>\n<div class='flex_cell av_one_half av-4gcn2i-1856caa9f71ccba34b4b75e188a4c25f no_margin  avia-builder-el-2  el_after_av_cell_one_half  avia-builder-el-last ' ><div class='flex_cell_inner'>\n<style type=\"text\/css\" data-created_by=\"avia_inline_auto\" id=\"style-css-av-kr12dzig-c4ae8b3e12e750b360819adc64ba4b9c\">\n#top .av-special-heading.av-kr12dzig-c4ae8b3e12e750b360819adc64ba4b9c{\npadding-bottom:10px;\ncolor:#ffffff;\nfont-size:70px;\n}\nbody .av-special-heading.av-kr12dzig-c4ae8b3e12e750b360819adc64ba4b9c .av-special-heading-tag .heading-char{\nfont-size:25px;\n}\n#top #wrap_all .av-special-heading.av-kr12dzig-c4ae8b3e12e750b360819adc64ba4b9c .av-special-heading-tag{\nfont-size:70px;\n}\n.av-special-heading.av-kr12dzig-c4ae8b3e12e750b360819adc64ba4b9c .special-heading-inner-border{\nborder-color:#ffffff;\n}\n.av-special-heading.av-kr12dzig-c4ae8b3e12e750b360819adc64ba4b9c .av-subheading{\nfont-size:15px;\n}\n<\/style>\n<div  class='av-special-heading av-kr12dzig-c4ae8b3e12e750b360819adc64ba4b9c av-special-heading-h1 custom-color-heading blockquote modern-quote  avia-builder-el-3  avia-builder-el-no-sibling  av-inherit-size'><h1 class='av-special-heading-tag'  itemprop=\"headline\"  >Famili\u00e4r und einfach sch\u00f6n<\/h1><div class=\"special-heading-border\"><div class=\"special-heading-inner-border\"><\/div><\/div><\/div>\n<\/div><\/div><\/div>\n<style type=\"text\/css\" data-created_by=\"avia_inline_auto\" id=\"style-css-av-3wlwne-a120a687081bd73d10d1f78b66f2b625\">\n.avia-section.av-3wlwne-a120a687081bd73d10d1f78b66f2b625{\nbackground-repeat:no-repeat;\nbackground-image:url(https:\/\/zahnarzt-kifle.de\/wp-content\/uploads\/2021\/04\/01.jpg);\nbackground-position:100% 0%;\nbackground-attachment:scroll;\n}\n<\/style>\n<div id='av_section_1'  class='avia-section av-3wlwne-a120a687081bd73d10d1f78b66f2b625 main_color avia-section-huge avia-no-border-styling  avia-builder-el-4  el_after_av_layout_row  avia-builder-el-last  avia-bg-style-scroll container_wrap sidebar_right'  data-section-bg-repeat='no-repeat'><div class='container av-section-cont-open' ><div class='template-page content  av-content-small alpha units'><div class='post-entry post-entry-type-page post-entry-1187'><div class='entry-content-wrapper clearfix'>\n<div class='flex_column_table av-dgw9u-7f684c43b9389b3a245184b80bbff336 sc-av_one_third av-equal-height-column-flextable'>\n<style type=\"text\/css\" data-created_by=\"avia_inline_auto\" id=\"style-css-av-dgw9u-7f684c43b9389b3a245184b80bbff336\">\n#top .flex_column_table.av-equal-height-column-flextable.av-dgw9u-7f684c43b9389b3a245184b80bbff336{\nmargin-top:-200px;\nmargin-bottom:0px;\n}\n.flex_column.av-dgw9u-7f684c43b9389b3a245184b80bbff336{\nborder-radius:0px 0px 0px 0px;\n-webkit-border-radius:0px 0px 0px 0px;\n-moz-border-radius:0px 0px 0px 0px;\npadding:40px 40px 40px 40px;\nbackground-color:#a29793;\n}\n<\/style>\n<div class='flex_column av-dgw9u-7f684c43b9389b3a245184b80bbff336 av_one_third  avia-builder-el-5  el_before_av_two_third  avia-builder-el-first  first no_margin flex_column_table_cell av-equal-height-column av-align-top '   ><p>\n<style type=\"text\/css\" data-created_by=\"avia_inline_auto\" id=\"style-css-av-3f1qxm-23c1f19e8a64c33f7feaf365776afb39\">\n#top .hr.hr-invisible.av-3f1qxm-23c1f19e8a64c33f7feaf365776afb39{\nheight:20px;\n}\n<\/style>\n<div  class='hr av-3f1qxm-23c1f19e8a64c33f7feaf365776afb39 hr-invisible  avia-builder-el-6  el_before_av_heading  avia-builder-el-first '><span class='hr-inner '><span class=\"hr-inner-style\"><\/span><\/span><\/div><br \/>\n\n<style type=\"text\/css\" data-created_by=\"avia_inline_auto\" id=\"style-css-av-kr12e6di-e575925bab14ed08820f976b4b132dfb\">\n#top .av-special-heading.av-kr12e6di-e575925bab14ed08820f976b4b132dfb{\npadding-bottom:10px;\ncolor:#ffffff;\n}\nbody .av-special-heading.av-kr12e6di-e575925bab14ed08820f976b4b132dfb .av-special-heading-tag .heading-char{\nfont-size:25px;\n}\n.av-special-heading.av-kr12e6di-e575925bab14ed08820f976b4b132dfb .special-heading-inner-border{\nborder-color:#ffffff;\n}\n.av-special-heading.av-kr12e6di-e575925bab14ed08820f976b4b132dfb .av-subheading{\nfont-size:15px;\n}\n<\/style>\n<div  class='av-special-heading av-kr12e6di-e575925bab14ed08820f976b4b132dfb av-special-heading-h2 custom-color-heading blockquote modern-quote modern-centered  avia-builder-el-7  el_after_av_hr  el_before_av_hr '><h2 class='av-special-heading-tag'  itemprop=\"headline\"  >DIE PRAXIS<\/h2><div class=\"special-heading-border\"><div class=\"special-heading-inner-border\"><\/div><\/div><\/div><br \/>\n\n<style type=\"text\/css\" data-created_by=\"avia_inline_auto\" id=\"style-css-av-3156ve-dbae94489aa59fad12c8f25cf528ae27\">\n#top .hr.hr-invisible.av-3156ve-dbae94489aa59fad12c8f25cf528ae27{\nheight:8px;\n}\n<\/style>\n<div  class='hr av-3156ve-dbae94489aa59fad12c8f25cf528ae27 hr-invisible  avia-builder-el-8  el_after_av_heading  avia-builder-el-last '><span class='hr-inner '><span class=\"hr-inner-style\"><\/span><\/span><\/div><\/p><\/div>\n<style type=\"text\/css\" data-created_by=\"avia_inline_auto\" id=\"style-css-av-katl2ar8-fc354b75d49f17f473a482e7905021b0\">\n#top .flex_column_table.av-equal-height-column-flextable.av-katl2ar8-fc354b75d49f17f473a482e7905021b0{\nmargin-top:-200px;\nmargin-bottom:0px;\n}\n.flex_column.av-katl2ar8-fc354b75d49f17f473a482e7905021b0{\nborder-radius:-200px 0 0 0;\n-webkit-border-radius:-200px 0 0 0;\n-moz-border-radius:-200px 0 0 0;\npadding:15px 15px 15px 15px;\nbackground-color:#ffffff;\n}\n<\/style>\n<div class='flex_column av-katl2ar8-fc354b75d49f17f473a482e7905021b0 av_two_third  avia-builder-el-9  el_after_av_one_third  el_before_av_one_full  no_margin flex_column_table_cell av-equal-height-column av-align-top '   ><p><section  class='av_textblock_section av-katjf2nm-de29f2c709b29b005cbc5d3955d493c9'  itemscope=\"itemscope\" itemtype=\"https:\/\/schema.org\/CreativeWork\" ><div class='avia_textblock'  itemprop=\"text\" ><p>Unsere Wohlf\u00fchlpraxis l\u00e4dt zum Zur\u00fccklehnen ein. Wir wollen, dass Sie sich entspannen, auch wenn\u00a0Sie sich erst einmal nicht danach f\u00fchlen! Am besten, Sie kommen vorbei und \u00fcberzeugen sich selbst\u00a0von der harmonischen Atmosph\u00e4re, die wir f\u00fcr Sie geschaffen haben.<\/p>\n<\/div><\/section><br \/>\n\n<style type=\"text\/css\" data-created_by=\"avia_inline_auto\" id=\"style-css-av-kb0h7xyb-a423cb8ce7cef0b926b47e14cc61928c\">\n.avia-image-container.av-kb0h7xyb-a423cb8ce7cef0b926b47e14cc61928c .av-image-caption-overlay-center{\ncolor:#ffffff;\n}\n<\/style>\n<div  class='avia-image-container av-kb0h7xyb-a423cb8ce7cef0b926b47e14cc61928c av-styling- avia-align-left  avia-builder-el-11  el_after_av_textblock  avia-builder-el-last '  itemprop=\"image\" itemscope=\"itemscope\" itemtype=\"https:\/\/schema.org\/ImageObject\" ><div class=\"avia-image-container-inner\"><div class=\"avia-image-overlay-wrap\"><img decoding=\"async\" class='wp-image-1410 avia-img-lazy-loading-not-1410 avia_image' src=\"https:\/\/zahnarzt-kifle.de\/wp-content\/uploads\/2021\/03\/dp-300x57.png\" alt='' title='dp'  height=\"57\" width=\"300\"  itemprop=\"thumbnailUrl\" srcset=\"https:\/\/zahnarzt-kifle.de\/wp-content\/uploads\/2021\/03\/dp-300x57.png 300w, https:\/\/zahnarzt-kifle.de\/wp-content\/uploads\/2021\/03\/dp.png 554w\" sizes=\"(max-width: 300px) 100vw, 300px\" \/><\/div><\/div><\/div><\/p><\/div><\/div><!--close column table wrapper. Autoclose: 1 -->\n<style type=\"text\/css\" data-created_by=\"avia_inline_auto\" id=\"style-css-av-katl2ar8-92691e135bc76b7a5b886eddd011425f\">\n.flex_column.av-katl2ar8-92691e135bc76b7a5b886eddd011425f{\nborder-radius:-200px 0 0 0;\n-webkit-border-radius:-200px 0 0 0;\n-moz-border-radius:-200px 0 0 0;\npadding:15px 15px 15px 15px;\nbackground-color:#ffffff;\n}\n<\/style>\n<div class='flex_column av-katl2ar8-92691e135bc76b7a5b886eddd011425f av_one_full  avia-builder-el-12  el_after_av_two_third  avia-builder-el-last  first flex_column_div column-top-margin'   ><div id='av-masonry-1' class='av-masonry av-kb0h62n1-590a61ccde8bee7eadced4e4118ea61e noHover av-flex-size av-no-gap av-hover-overlay-active av-masonry-animation-active av-masonry-col-flexible av-caption-always av-caption-style- av-masonry-gallery '><div class=\"av-masonry-container isotope av-js-disabled\"><div class='av-masonry-entry isotope-item av-masonry-item-no-image '><\/div><a href=\"https:\/\/zahnarzt-kifle.de\/wp-content\/uploads\/2021\/04\/01-1-1030x687.jpg\" data-srcset=\"https:\/\/zahnarzt-kifle.de\/wp-content\/uploads\/2021\/04\/01-1-1030x687.jpg 1030w, https:\/\/zahnarzt-kifle.de\/wp-content\/uploads\/2021\/04\/01-1-300x200.jpg 300w, https:\/\/zahnarzt-kifle.de\/wp-content\/uploads\/2021\/04\/01-1-768x512.jpg 768w, https:\/\/zahnarzt-kifle.de\/wp-content\/uploads\/2021\/04\/01-1-1536x1024.jpg 1536w, https:\/\/zahnarzt-kifle.de\/wp-content\/uploads\/2021\/04\/01-1-1500x1000.jpg 1500w, https:\/\/zahnarzt-kifle.de\/wp-content\/uploads\/2021\/04\/01-1-705x470.jpg 705w, https:\/\/zahnarzt-kifle.de\/wp-content\/uploads\/2021\/04\/01-1.jpg 1920w\" data-sizes=\"(max-width: 1030px) 100vw, 1030px\"  aria-label=\"Bild 01\"  id='av-masonry-1-item-1457' data-av-masonry-item='1457' class='av-masonry-entry isotope-item post-1457 attachment type-attachment status-inherit hentry  av-masonry-item-with-image' title=\"01\" alt=\"\"   itemprop=\"thumbnailUrl\" ><div class='av-inner-masonry-sizer'><\/div><figure class='av-inner-masonry main_color'><div class=\"av-masonry-outerimage-container\"><div class='av-masonry-image-container'   ><img decoding=\"async\" width=\"705\" height=\"470\" class=\"wp-image-1457 avia-img-lazy-loading-not-1457\"  src=\"https:\/\/zahnarzt-kifle.de\/wp-content\/uploads\/2021\/04\/01-1-705x470.jpg\" title=\"01\" alt=\"\" srcset=\"https:\/\/zahnarzt-kifle.de\/wp-content\/uploads\/2021\/04\/01-1-705x470.jpg 705w, https:\/\/zahnarzt-kifle.de\/wp-content\/uploads\/2021\/04\/01-1-300x200.jpg 300w, https:\/\/zahnarzt-kifle.de\/wp-content\/uploads\/2021\/04\/01-1-1030x687.jpg 1030w, https:\/\/zahnarzt-kifle.de\/wp-content\/uploads\/2021\/04\/01-1-768x512.jpg 768w, https:\/\/zahnarzt-kifle.de\/wp-content\/uploads\/2021\/04\/01-1-1536x1024.jpg 1536w, https:\/\/zahnarzt-kifle.de\/wp-content\/uploads\/2021\/04\/01-1-1500x1000.jpg 1500w, https:\/\/zahnarzt-kifle.de\/wp-content\/uploads\/2021\/04\/01-1.jpg 1920w\" sizes=\"(max-width: 705px) 100vw, 705px\" \/><\/div><\/div><\/figure><\/a><!--end av-masonry entry--><a href=\"https:\/\/zahnarzt-kifle.de\/wp-content\/uploads\/2021\/04\/02-1030x687.jpg\" data-srcset=\"https:\/\/zahnarzt-kifle.de\/wp-content\/uploads\/2021\/04\/02-1030x687.jpg 1030w, https:\/\/zahnarzt-kifle.de\/wp-content\/uploads\/2021\/04\/02-300x200.jpg 300w, https:\/\/zahnarzt-kifle.de\/wp-content\/uploads\/2021\/04\/02-768x512.jpg 768w, https:\/\/zahnarzt-kifle.de\/wp-content\/uploads\/2021\/04\/02-1536x1024.jpg 1536w, https:\/\/zahnarzt-kifle.de\/wp-content\/uploads\/2021\/04\/02-1500x1000.jpg 1500w, https:\/\/zahnarzt-kifle.de\/wp-content\/uploads\/2021\/04\/02-705x470.jpg 705w, https:\/\/zahnarzt-kifle.de\/wp-content\/uploads\/2021\/04\/02.jpg 1920w\" data-sizes=\"(max-width: 1030px) 100vw, 1030px\"  aria-label=\"Bild 02\"  id='av-masonry-1-item-1458' data-av-masonry-item='1458' class='av-masonry-entry isotope-item post-1458 attachment type-attachment status-inherit hentry  av-masonry-item-with-image' title=\"02\" alt=\"\"   itemprop=\"thumbnailUrl\" ><div class='av-inner-masonry-sizer'><\/div><figure class='av-inner-masonry main_color'><div class=\"av-masonry-outerimage-container\"><div class='av-masonry-image-container'   ><img decoding=\"async\" width=\"705\" height=\"470\" class=\"wp-image-1458 avia-img-lazy-loading-not-1458\"  src=\"https:\/\/zahnarzt-kifle.de\/wp-content\/uploads\/2021\/04\/02-705x470.jpg\" title=\"02\" alt=\"\" srcset=\"https:\/\/zahnarzt-kifle.de\/wp-content\/uploads\/2021\/04\/02-705x470.jpg 705w, https:\/\/zahnarzt-kifle.de\/wp-content\/uploads\/2021\/04\/02-300x200.jpg 300w, https:\/\/zahnarzt-kifle.de\/wp-content\/uploads\/2021\/04\/02-1030x687.jpg 1030w, https:\/\/zahnarzt-kifle.de\/wp-content\/uploads\/2021\/04\/02-768x512.jpg 768w, https:\/\/zahnarzt-kifle.de\/wp-content\/uploads\/2021\/04\/02-1536x1024.jpg 1536w, https:\/\/zahnarzt-kifle.de\/wp-content\/uploads\/2021\/04\/02-1500x1000.jpg 1500w, https:\/\/zahnarzt-kifle.de\/wp-content\/uploads\/2021\/04\/02.jpg 1920w\" sizes=\"(max-width: 705px) 100vw, 705px\" \/><\/div><\/div><\/figure><\/a><!--end av-masonry entry--><a href=\"https:\/\/zahnarzt-kifle.de\/wp-content\/uploads\/2021\/04\/03-1030x687.jpg\" data-srcset=\"https:\/\/zahnarzt-kifle.de\/wp-content\/uploads\/2021\/04\/03-1030x687.jpg 1030w, https:\/\/zahnarzt-kifle.de\/wp-content\/uploads\/2021\/04\/03-300x200.jpg 300w, https:\/\/zahnarzt-kifle.de\/wp-content\/uploads\/2021\/04\/03-768x512.jpg 768w, https:\/\/zahnarzt-kifle.de\/wp-content\/uploads\/2021\/04\/03-1536x1024.jpg 1536w, https:\/\/zahnarzt-kifle.de\/wp-content\/uploads\/2021\/04\/03-1500x1000.jpg 1500w, https:\/\/zahnarzt-kifle.de\/wp-content\/uploads\/2021\/04\/03-705x470.jpg 705w, https:\/\/zahnarzt-kifle.de\/wp-content\/uploads\/2021\/04\/03.jpg 1920w\" data-sizes=\"(max-width: 1030px) 100vw, 1030px\"  aria-label=\"Bild 03\"  id='av-masonry-1-item-1459' data-av-masonry-item='1459' class='av-masonry-entry isotope-item post-1459 attachment type-attachment status-inherit hentry  av-masonry-item-with-image' title=\"03\" alt=\"\"   itemprop=\"thumbnailUrl\" ><div class='av-inner-masonry-sizer'><\/div><figure class='av-inner-masonry main_color'><div class=\"av-masonry-outerimage-container\"><div class='av-masonry-image-container'   ><img decoding=\"async\" width=\"705\" height=\"470\" class=\"wp-image-1459 avia-img-lazy-loading-not-1459\"  src=\"https:\/\/zahnarzt-kifle.de\/wp-content\/uploads\/2021\/04\/03-705x470.jpg\" title=\"03\" alt=\"\" srcset=\"https:\/\/zahnarzt-kifle.de\/wp-content\/uploads\/2021\/04\/03-705x470.jpg 705w, https:\/\/zahnarzt-kifle.de\/wp-content\/uploads\/2021\/04\/03-300x200.jpg 300w, https:\/\/zahnarzt-kifle.de\/wp-content\/uploads\/2021\/04\/03-1030x687.jpg 1030w, https:\/\/zahnarzt-kifle.de\/wp-content\/uploads\/2021\/04\/03-768x512.jpg 768w, https:\/\/zahnarzt-kifle.de\/wp-content\/uploads\/2021\/04\/03-1536x1024.jpg 1536w, https:\/\/zahnarzt-kifle.de\/wp-content\/uploads\/2021\/04\/03-1500x1000.jpg 1500w, https:\/\/zahnarzt-kifle.de\/wp-content\/uploads\/2021\/04\/03.jpg 1920w\" sizes=\"(max-width: 705px) 100vw, 705px\" \/><\/div><\/div><\/figure><\/a><!--end av-masonry entry--><a href=\"https:\/\/zahnarzt-kifle.de\/wp-content\/uploads\/2021\/04\/04-1030x687.jpg\" data-srcset=\"https:\/\/zahnarzt-kifle.de\/wp-content\/uploads\/2021\/04\/04-1030x687.jpg 1030w, https:\/\/zahnarzt-kifle.de\/wp-content\/uploads\/2021\/04\/04-300x200.jpg 300w, https:\/\/zahnarzt-kifle.de\/wp-content\/uploads\/2021\/04\/04-768x512.jpg 768w, https:\/\/zahnarzt-kifle.de\/wp-content\/uploads\/2021\/04\/04-1536x1024.jpg 1536w, https:\/\/zahnarzt-kifle.de\/wp-content\/uploads\/2021\/04\/04-1500x1000.jpg 1500w, https:\/\/zahnarzt-kifle.de\/wp-content\/uploads\/2021\/04\/04-705x470.jpg 705w, https:\/\/zahnarzt-kifle.de\/wp-content\/uploads\/2021\/04\/04.jpg 1920w\" data-sizes=\"(max-width: 1030px) 100vw, 1030px\"  aria-label=\"Bild 04\"  id='av-masonry-1-item-1460' data-av-masonry-item='1460' class='av-masonry-entry isotope-item post-1460 attachment type-attachment status-inherit hentry  av-masonry-item-with-image' title=\"04\" alt=\"\"   itemprop=\"thumbnailUrl\" ><div class='av-inner-masonry-sizer'><\/div><figure class='av-inner-masonry main_color'><div class=\"av-masonry-outerimage-container\"><div class='av-masonry-image-container'   ><img decoding=\"async\" width=\"705\" height=\"470\" class=\"wp-image-1460 avia-img-lazy-loading-not-1460\"  src=\"https:\/\/zahnarzt-kifle.de\/wp-content\/uploads\/2021\/04\/04-705x470.jpg\" title=\"04\" alt=\"\" srcset=\"https:\/\/zahnarzt-kifle.de\/wp-content\/uploads\/2021\/04\/04-705x470.jpg 705w, https:\/\/zahnarzt-kifle.de\/wp-content\/uploads\/2021\/04\/04-300x200.jpg 300w, https:\/\/zahnarzt-kifle.de\/wp-content\/uploads\/2021\/04\/04-1030x687.jpg 1030w, https:\/\/zahnarzt-kifle.de\/wp-content\/uploads\/2021\/04\/04-768x512.jpg 768w, https:\/\/zahnarzt-kifle.de\/wp-content\/uploads\/2021\/04\/04-1536x1024.jpg 1536w, https:\/\/zahnarzt-kifle.de\/wp-content\/uploads\/2021\/04\/04-1500x1000.jpg 1500w, https:\/\/zahnarzt-kifle.de\/wp-content\/uploads\/2021\/04\/04.jpg 1920w\" sizes=\"(max-width: 705px) 100vw, 705px\" \/><\/div><\/div><\/figure><\/a><!--end av-masonry entry--><a href=\"https:\/\/zahnarzt-kifle.de\/wp-content\/uploads\/2021\/04\/05-1030x687.jpg\" data-srcset=\"https:\/\/zahnarzt-kifle.de\/wp-content\/uploads\/2021\/04\/05-1030x687.jpg 1030w, https:\/\/zahnarzt-kifle.de\/wp-content\/uploads\/2021\/04\/05-300x200.jpg 300w, https:\/\/zahnarzt-kifle.de\/wp-content\/uploads\/2021\/04\/05-768x512.jpg 768w, https:\/\/zahnarzt-kifle.de\/wp-content\/uploads\/2021\/04\/05-1536x1024.jpg 1536w, https:\/\/zahnarzt-kifle.de\/wp-content\/uploads\/2021\/04\/05-1500x1000.jpg 1500w, https:\/\/zahnarzt-kifle.de\/wp-content\/uploads\/2021\/04\/05-705x470.jpg 705w, https:\/\/zahnarzt-kifle.de\/wp-content\/uploads\/2021\/04\/05.jpg 1920w\" data-sizes=\"(max-width: 1030px) 100vw, 1030px\"  aria-label=\"Bild 05\"  id='av-masonry-1-item-1462' data-av-masonry-item='1462' class='av-masonry-entry isotope-item post-1462 attachment type-attachment status-inherit hentry  av-masonry-item-with-image' title=\"05\" alt=\"\"   itemprop=\"thumbnailUrl\" ><div class='av-inner-masonry-sizer'><\/div><figure class='av-inner-masonry main_color'><div class=\"av-masonry-outerimage-container\"><div class='av-masonry-image-container'   ><img decoding=\"async\" width=\"705\" height=\"470\" class=\"wp-image-1462 avia-img-lazy-loading-not-1462\"  src=\"https:\/\/zahnarzt-kifle.de\/wp-content\/uploads\/2021\/04\/05-705x470.jpg\" title=\"05\" alt=\"\" srcset=\"https:\/\/zahnarzt-kifle.de\/wp-content\/uploads\/2021\/04\/05-705x470.jpg 705w, https:\/\/zahnarzt-kifle.de\/wp-content\/uploads\/2021\/04\/05-300x200.jpg 300w, https:\/\/zahnarzt-kifle.de\/wp-content\/uploads\/2021\/04\/05-1030x687.jpg 1030w, https:\/\/zahnarzt-kifle.de\/wp-content\/uploads\/2021\/04\/05-768x512.jpg 768w, https:\/\/zahnarzt-kifle.de\/wp-content\/uploads\/2021\/04\/05-1536x1024.jpg 1536w, https:\/\/zahnarzt-kifle.de\/wp-content\/uploads\/2021\/04\/05-1500x1000.jpg 1500w, https:\/\/zahnarzt-kifle.de\/wp-content\/uploads\/2021\/04\/05.jpg 1920w\" sizes=\"(max-width: 705px) 100vw, 705px\" \/><\/div><\/div><\/figure><\/a><!--end av-masonry entry--><a href=\"https:\/\/zahnarzt-kifle.de\/wp-content\/uploads\/2021\/04\/06-1030x687.jpg\" data-srcset=\"https:\/\/zahnarzt-kifle.de\/wp-content\/uploads\/2021\/04\/06-1030x687.jpg 1030w, https:\/\/zahnarzt-kifle.de\/wp-content\/uploads\/2021\/04\/06-300x200.jpg 300w, https:\/\/zahnarzt-kifle.de\/wp-content\/uploads\/2021\/04\/06-768x512.jpg 768w, https:\/\/zahnarzt-kifle.de\/wp-content\/uploads\/2021\/04\/06-1536x1024.jpg 1536w, https:\/\/zahnarzt-kifle.de\/wp-content\/uploads\/2021\/04\/06-1500x1000.jpg 1500w, https:\/\/zahnarzt-kifle.de\/wp-content\/uploads\/2021\/04\/06-705x470.jpg 705w, https:\/\/zahnarzt-kifle.de\/wp-content\/uploads\/2021\/04\/06.jpg 1920w\" data-sizes=\"(max-width: 1030px) 100vw, 1030px\"  aria-label=\"Bild 06\"  id='av-masonry-1-item-1463' data-av-masonry-item='1463' class='av-masonry-entry isotope-item post-1463 attachment type-attachment status-inherit hentry  av-masonry-item-with-image' title=\"06\" alt=\"\"   itemprop=\"thumbnailUrl\" ><div class='av-inner-masonry-sizer'><\/div><figure class='av-inner-masonry main_color'><div class=\"av-masonry-outerimage-container\"><div class='av-masonry-image-container'   ><img decoding=\"async\" width=\"705\" height=\"470\" class=\"wp-image-1463 avia-img-lazy-loading-not-1463\"  src=\"https:\/\/zahnarzt-kifle.de\/wp-content\/uploads\/2021\/04\/06-705x470.jpg\" title=\"06\" alt=\"\" srcset=\"https:\/\/zahnarzt-kifle.de\/wp-content\/uploads\/2021\/04\/06-705x470.jpg 705w, https:\/\/zahnarzt-kifle.de\/wp-content\/uploads\/2021\/04\/06-300x200.jpg 300w, https:\/\/zahnarzt-kifle.de\/wp-content\/uploads\/2021\/04\/06-1030x687.jpg 1030w, https:\/\/zahnarzt-kifle.de\/wp-content\/uploads\/2021\/04\/06-768x512.jpg 768w, https:\/\/zahnarzt-kifle.de\/wp-content\/uploads\/2021\/04\/06-1536x1024.jpg 1536w, https:\/\/zahnarzt-kifle.de\/wp-content\/uploads\/2021\/04\/06-1500x1000.jpg 1500w, https:\/\/zahnarzt-kifle.de\/wp-content\/uploads\/2021\/04\/06.jpg 1920w\" sizes=\"(max-width: 705px) 100vw, 705px\" \/><\/div><\/div><\/figure><\/a><!--end av-masonry entry--><\/div><\/div><\/div><\/div><\/div><\/div><!-- close content main div --><\/div><\/div><div id='after_section_1'  class='main_color av_default_container_wrap container_wrap sidebar_right'  ><div class='container av-section-cont-open' ><div class='template-page content  av-content-small alpha units'><div class='post-entry post-entry-type-page post-entry-1187'><div class='entry-content-wrapper clearfix'><\/p>\n","protected":false},"excerpt":{"rendered":"","protected":false},"author":1,"featured_media":0,"parent":0,"menu_order":0,"comment_status":"closed","ping_status":"closed","template":"","meta":[],"_links":{"self":[{"href":"https:\/\/zahnarzt-kifle.de\/index.php?rest_route=\/wp\/v2\/pages\/1187"}],"collection":[{"href":"https:\/\/zahnarzt-kifle.de\/index.php?rest_route=\/wp\/v2\/pages"}],"about":[{"href":"https:\/\/zahnarzt-kifle.de\/index.php?rest_route=\/wp\/v2\/types\/page"}],"author":[{"embeddable":true,"href":"https:\/\/zahnarzt-kifle.de\/index.php?rest_route=\/wp\/v2\/users\/1"}],"replies":[{"embeddable":true,"href":"https:\/\/zahnarzt-kifle.de\/index.php?rest_route=%2Fwp%2Fv2%2Fcomments&post=1187"}],"version-history":[{"count":14,"href":"https:\/\/zahnarzt-kifle.de\/index.php?rest_route=\/wp\/v2\/pages\/1187\/revisions"}],"predecessor-version":[{"id":1532,"href":"https:\/\/zahnarzt-kifle.de\/index.php?rest_route=\/wp\/v2\/pages\/1187\/revisions\/1532"}],"wp:attachment":[{"href":"https:\/\/zahnarzt-kifle.de\/index.php?rest_route=%2Fwp%2Fv2%2Fmedia&parent=1187"}],"curies":[{"name":"wp","href":"https:\/\/api.w.org\/{rel}","templated":true}]}}