{"id":1107,"date":"2020-05-26T13:10:49","date_gmt":"2020-05-26T13:10:49","guid":{"rendered":"http:\/\/zahnarzt-kifle.de\/?page_id=1107"},"modified":"2021-11-01T15:56:29","modified_gmt":"2021-11-01T15:56:29","slug":"1107-2","status":"publish","type":"page","link":"https:\/\/zahnarzt-kifle.de\/?page_id=1107","title":{"rendered":"\u00dcber uns"},"content":{"rendered":"\n<style type=\"text\/css\" data-created_by=\"avia_inline_auto\" id=\"style-css-av-c276h6-0b8f38276a349fa0ded3cbadcb8d6f8d\">\n.avia-section.av-c276h6-0b8f38276a349fa0ded3cbadcb8d6f8d{\nbackground-repeat:no-repeat;\nbackground-image:url(https:\/\/zahnarzt-kifle.de\/wp-content\/uploads\/2021\/04\/01.jpg);\nbackground-position:100% 100%;\nbackground-attachment:scroll;\n}\n<\/style>\n<div id='hoverstyle1'  class='avia-section av-c276h6-0b8f38276a349fa0ded3cbadcb8d6f8d main_color avia-section-huge avia-no-border-styling  avia-builder-el-0  el_before_av_section  avia-builder-el-first  hoverstyle1 avia-bg-style-scroll container_wrap sidebar_right'  data-section-bg-repeat='no-repeat'><div class='container av-section-cont-open' ><main  role=\"main\" itemprop=\"mainContentOfPage\"  class='template-page content  av-content-small alpha units'><div class='post-entry post-entry-type-page post-entry-1107'><div class='entry-content-wrapper clearfix'>\n\n<style type=\"text\/css\" data-created_by=\"avia_inline_auto\" id=\"style-css-av-58455f-86232a95d675dde9936cb4b12ba03248\">\n.flex_column.av-58455f-86232a95d675dde9936cb4b12ba03248{\nborder-radius:0px 0px 0px 0px;\n-webkit-border-radius:0px 0px 0px 0px;\n-moz-border-radius:0px 0px 0px 0px;\n}\n<\/style>\n<div class='flex_column av-58455f-86232a95d675dde9936cb4b12ba03248 av_one_half  avia-builder-el-1  el_before_av_one_half  avia-builder-el-first  first flex_column_div av-zero-column-padding '   ><style type=\"text\/css\" data-created_by=\"avia_inline_auto\" id=\"style-css-av-kany1p1c-3b19afc6d7bb6bdf70b39ffbd10803a7\">\n.avia-image-container.av-kany1p1c-3b19afc6d7bb6bdf70b39ffbd10803a7 .av-image-caption-overlay-center{\ncolor:#ffffff;\n}\n<\/style>\n<div  class='avia-image-container av-kany1p1c-3b19afc6d7bb6bdf70b39ffbd10803a7 av-styling- avia-align-center  avia-builder-el-2  avia-builder-el-no-sibling '  itemprop=\"image\" itemscope=\"itemscope\" itemtype=\"https:\/\/schema.org\/ImageObject\" ><div class=\"avia-image-container-inner\"><div class=\"avia-image-overlay-wrap\"><a href=\"https:\/\/zahnarzt-kifle.de\/?page_id=1189\" class='avia_image' ><img decoding=\"async\" width=\"936\" height=\"922\" class='wp-image-1424 avia-img-lazy-loading-not-1424 avia_image' src=\"https:\/\/zahnarzt-kifle.de\/wp-content\/uploads\/2021\/04\/00.jpg\" alt='' title='00'  itemprop=\"thumbnailUrl\" srcset=\"https:\/\/zahnarzt-kifle.de\/wp-content\/uploads\/2021\/04\/00.jpg 936w, https:\/\/zahnarzt-kifle.de\/wp-content\/uploads\/2021\/04\/00-300x296.jpg 300w, https:\/\/zahnarzt-kifle.de\/wp-content\/uploads\/2021\/04\/00-80x80.jpg 80w, https:\/\/zahnarzt-kifle.de\/wp-content\/uploads\/2021\/04\/00-768x757.jpg 768w, https:\/\/zahnarzt-kifle.de\/wp-content\/uploads\/2021\/04\/00-36x36.jpg 36w, https:\/\/zahnarzt-kifle.de\/wp-content\/uploads\/2021\/04\/00-705x694.jpg 705w\" sizes=\"(max-width: 936px) 100vw, 936px\" \/><\/a><\/div><\/div><\/div><\/div>\n<style type=\"text\/css\" data-created_by=\"avia_inline_auto\" id=\"style-css-av-riu0a-823d25767ee21672e811918b055651cc\">\n.flex_column.av-riu0a-823d25767ee21672e811918b055651cc{\nborder-radius:0px 0px 0px 0px;\n-webkit-border-radius:0px 0px 0px 0px;\n-moz-border-radius:0px 0px 0px 0px;\n}\n<\/style>\n<div class='flex_column av-riu0a-823d25767ee21672e811918b055651cc av_one_half  avia-builder-el-3  el_after_av_one_half  avia-builder-el-last  flex_column_div av-zero-column-padding '   ><p>\n<style type=\"text\/css\" data-created_by=\"avia_inline_auto\" id=\"style-css-av-av_heading-bacfc67094f2290e0e7fc1e64fdc468a\">\n#top .av-special-heading.av-av_heading-bacfc67094f2290e0e7fc1e64fdc468a{\npadding-bottom:10px;\n}\nbody .av-special-heading.av-av_heading-bacfc67094f2290e0e7fc1e64fdc468a .av-special-heading-tag .heading-char{\nfont-size:25px;\n}\n.av-special-heading.av-av_heading-bacfc67094f2290e0e7fc1e64fdc468a .av-subheading{\nfont-size:15px;\n}\n<\/style>\n<div  class='av-special-heading av-av_heading-bacfc67094f2290e0e7fc1e64fdc468a av-special-heading-h2  avia-builder-el-4  el_before_av_textblock  avia-builder-el-first '><h2 class='av-special-heading-tag'  itemprop=\"headline\"  >\u00dcBER UNS<\/h2><div class=\"special-heading-border\"><div class=\"special-heading-inner-border\"><\/div><\/div><\/div><br \/>\n<section  class='av_textblock_section av-katiy7e7-69115b131e1e485fbae85500ed1cdc0f'  itemscope=\"itemscope\" itemtype=\"https:\/\/schema.org\/CreativeWork\" ><div class='avia_textblock'  itemprop=\"text\" ><p>Ihre Zahngesundheit steht bei uns an erster Stelle.<\/p>\n<p>Wir nehmen uns Zeit f\u00fcr Sie, damit Sie sich rundherum wohlf\u00fchlen und ohne Angst bei uns sein k\u00f6nnen. Egal, aus welchem Grund Sie auf der Suche nach einem Zahnarzt in Frankfurt sind \u2013 hier sind wir nur f\u00fcr Sie da!<\/p>\n<p>Wir geben unser Bestes f\u00fcr Ihre Zahngesundheit und decken daher ein besonders breites Spektrum an Behandlungen ab. Lassen Sie sich ganz entspannt in einem pers\u00f6nlichen Gespr\u00e4ch in der Praxis beraten. Ihre Fragen liegen uns am Herzen! Wir freuen uns auf Sie!<\/p>\n<\/div><\/section><br \/>\n\n<style type=\"text\/css\" data-created_by=\"avia_inline_auto\" id=\"style-css-av-kany1p1c-a55f53ff22964cb58066db13dbfc9561\">\n.avia-image-container.av-kany1p1c-a55f53ff22964cb58066db13dbfc9561 .av-image-caption-overlay-center{\ncolor:#ffffff;\n}\n<\/style>\n<div  class='avia-image-container av-kany1p1c-a55f53ff22964cb58066db13dbfc9561 av-styling- avia-align-left  avia-builder-el-6  el_after_av_textblock  avia-builder-el-last '  itemprop=\"image\" itemscope=\"itemscope\" itemtype=\"https:\/\/schema.org\/ImageObject\" ><div class=\"avia-image-container-inner\"><div class=\"avia-image-overlay-wrap\"><a href=\"https:\/\/zahnarzt-kifle.de\/wp-content\/uploads\/2021\/07\/dp-Kopie01.png\" data-srcset=\"https:\/\/zahnarzt-kifle.de\/wp-content\/uploads\/2021\/07\/dp-Kopie01.png 554w, https:\/\/zahnarzt-kifle.de\/wp-content\/uploads\/2021\/07\/dp-Kopie01-300x57.png 300w\" data-sizes=\"(max-width: 554px) 100vw, 554px\" class='avia_image' ><img decoding=\"async\" width=\"300\" height=\"57\" class='wp-image-1543 avia-img-lazy-loading-not-1543 avia_image' src=\"https:\/\/zahnarzt-kifle.de\/wp-content\/uploads\/2021\/07\/dp-Kopie01-300x57.png\" alt='' title='dp Kopie01'  itemprop=\"thumbnailUrl\" srcset=\"https:\/\/zahnarzt-kifle.de\/wp-content\/uploads\/2021\/07\/dp-Kopie01-300x57.png 300w, https:\/\/zahnarzt-kifle.de\/wp-content\/uploads\/2021\/07\/dp-Kopie01.png 554w\" sizes=\"(max-width: 300px) 100vw, 300px\" \/><\/a><\/div><\/div><\/div><\/p><\/div><\/div><\/div><\/main><!-- close content main element --><\/div><\/div>\n<style type=\"text\/css\" data-created_by=\"avia_inline_auto\" id=\"style-css-av-kaotj2bi-529535b42833e6f8c958764e58b8e957\">\n.avia-section.av-kaotj2bi-529535b42833e6f8c958764e58b8e957{\nbackground-repeat:no-repeat;\nbackground-image:url(https:\/\/zahnarzt-kifle.de\/wp-content\/uploads\/2021\/04\/999.jpg);\nbackground-position:50% 50%;\nbackground-attachment:scroll;\n}\n.avia-section.av-kaotj2bi-529535b42833e6f8c958764e58b8e957 .av-section-color-overlay{\nopacity:0.4;\nbackground-color:#ffffff;\n}\n<\/style>\n<div id='av_section_2'  class='avia-section av-kaotj2bi-529535b42833e6f8c958764e58b8e957 main_color avia-section-default avia-no-border-styling  avia-builder-el-7  el_after_av_section  el_before_av_one_half  avia-full-stretch avia-bg-style-scroll av-section-color-overlay-active av-minimum-height av-minimum-height-25  container_wrap sidebar_right'  data-section-bg-repeat='stretch' data-av_minimum_height_pc='25'><div class='av-section-color-overlay-wrap'><div class=\"av-section-color-overlay\"><\/div><div class='container av-section-cont-open' ><div class='template-page content  av-content-small alpha units'><div class='post-entry post-entry-type-page post-entry-1107'><div class='entry-content-wrapper clearfix'>\n\n<style type=\"text\/css\" data-created_by=\"avia_inline_auto\" id=\"style-css-av-krgt632y-7b0271ab20fcd66896c452c797928f1f\">\n#top .av-special-heading.av-krgt632y-7b0271ab20fcd66896c452c797928f1f{\npadding-bottom:10px;\n}\nbody .av-special-heading.av-krgt632y-7b0271ab20fcd66896c452c797928f1f .av-special-heading-tag .heading-char{\nfont-size:25px;\n}\n.av-special-heading.av-krgt632y-7b0271ab20fcd66896c452c797928f1f .av-subheading{\nfont-size:19px;\n}\n<\/style>\n<div  class='av-special-heading av-krgt632y-7b0271ab20fcd66896c452c797928f1f av-special-heading-h1 blockquote modern-quote modern-centered  avia-builder-el-8  avia-builder-el-no-sibling '><h1 class='av-special-heading-tag'  itemprop=\"headline\"  >F\u00fcr Ihre Zahngesundheit<\/h1><div class=\"special-heading-border\"><div class=\"special-heading-inner-border\"><\/div><\/div><\/div>\n<\/div><\/div><\/div><!-- close content main div --><\/div><\/div><\/div><div id='after_section_2'  class='main_color av_default_container_wrap container_wrap sidebar_right'  ><div class='container av-section-cont-open' ><div class='template-page content  av-content-small alpha units'><div class='post-entry post-entry-type-page post-entry-1107'><div class='entry-content-wrapper clearfix'><\/p>\n\n<style type=\"text\/css\" data-created_by=\"avia_inline_auto\" id=\"style-css-av-759h2a-41f1957808764c87e244144f9968488b\">\n.flex_column.av-759h2a-41f1957808764c87e244144f9968488b{\nborder-radius:0px 0px 0px 0px;\n-webkit-border-radius:0px 0px 0px 0px;\n-moz-border-radius:0px 0px 0px 0px;\n}\n<\/style>\n<div class='flex_column av-759h2a-41f1957808764c87e244144f9968488b av_one_half  avia-builder-el-9  el_after_av_section  el_before_av_one_half  avia-builder-el-first  first flex_column_div  av-animated-generic bottom-to-top av-zero-column-padding '   id=\"\"  ><p>\n<style type=\"text\/css\" data-created_by=\"avia_inline_auto\" id=\"style-css-av-kany1p1c-e8bb3f946c69f09c429b7b7fe4f812db\">\n.avia-image-container.av-kany1p1c-e8bb3f946c69f09c429b7b7fe4f812db .av-image-caption-overlay-center{\ncolor:#ffffff;\n}\n<\/style>\n<div  class='avia-image-container av-kany1p1c-e8bb3f946c69f09c429b7b7fe4f812db av-styling- avia-align-center  avia-builder-el-10  el_before_av_button  avia-builder-el-first '  itemprop=\"image\" itemscope=\"itemscope\" itemtype=\"https:\/\/schema.org\/ImageObject\" ><div class=\"avia-image-container-inner\"><div class=\"avia-image-overlay-wrap\"><img decoding=\"async\" class='wp-image-1411 avia-img-lazy-loading-not-1411 avia_image' src=\"https:\/\/zahnarzt-kifle.de\/wp-content\/uploads\/2021\/03\/favourite_treatments-1.png\" alt='' title='favourite_treatments'  height=\"623\" width=\"936\"  itemprop=\"thumbnailUrl\" srcset=\"https:\/\/zahnarzt-kifle.de\/wp-content\/uploads\/2021\/03\/favourite_treatments-1.png 936w, https:\/\/zahnarzt-kifle.de\/wp-content\/uploads\/2021\/03\/favourite_treatments-1-300x200.png 300w, https:\/\/zahnarzt-kifle.de\/wp-content\/uploads\/2021\/03\/favourite_treatments-1-768x511.png 768w, https:\/\/zahnarzt-kifle.de\/wp-content\/uploads\/2021\/03\/favourite_treatments-1-705x469.png 705w\" sizes=\"(max-width: 936px) 100vw, 936px\" \/><\/div><\/div><\/div><br \/>\n<div  class='avia-button-wrap avia-button-center  avia-builder-el-11  el_after_av_image  avia-builder-el-last ' ><a href=''  class='avia-button av-kb0evfuk-b941678da91e0a5bd58091696194b9ba avia-icon_select-no avia-size-small avia-position-center avia-color-theme-color' ><span class='avia_iconbox_title' >Termin vereinbaren<\/span><\/a><\/div><\/p><\/div>\n\n<style type=\"text\/css\" data-created_by=\"avia_inline_auto\" id=\"style-css-av-759h2a-c51b4100c793b604129d292dcdce7e83\">\n.flex_column.av-759h2a-c51b4100c793b604129d292dcdce7e83{\nborder-radius:0px 0px 0px 0px;\n-webkit-border-radius:0px 0px 0px 0px;\n-moz-border-radius:0px 0px 0px 0px;\n}\n<\/style>\n<div class='flex_column av-759h2a-c51b4100c793b604129d292dcdce7e83 av_one_half  avia-builder-el-12  el_after_av_one_half  el_before_av_one_full  flex_column_div  av-animated-generic bottom-to-top av-zero-column-padding '   ><p>\n<style type=\"text\/css\" data-created_by=\"avia_inline_auto\" id=\"style-css-av-kvgu7htc-8bfec6cf09a320d5ecd0dca0bfa62b37\">\n#top .av-special-heading.av-kvgu7htc-8bfec6cf09a320d5ecd0dca0bfa62b37{\npadding-bottom:20px;\nfont-size:34px;\n}\nbody .av-special-heading.av-kvgu7htc-8bfec6cf09a320d5ecd0dca0bfa62b37 .av-special-heading-tag .heading-char{\nfont-size:25px;\n}\n#top #wrap_all .av-special-heading.av-kvgu7htc-8bfec6cf09a320d5ecd0dca0bfa62b37 .av-special-heading-tag{\nfont-size:34px;\n}\n.av-special-heading.av-kvgu7htc-8bfec6cf09a320d5ecd0dca0bfa62b37 .av-subheading{\nfont-size:15px;\n}\n<\/style>\n<div  class='av-special-heading av-kvgu7htc-8bfec6cf09a320d5ecd0dca0bfa62b37 av-special-heading-h1 blockquote modern-quote  avia-builder-el-13  el_before_av_textblock  avia-builder-el-first  av-inherit-size'><h1 class='av-special-heading-tag'  itemprop=\"headline\"  >PURE WHITE \u2013 NAT\u00dcRLICH SCH\u00d6NE Z\u00c4HNE<\/h1><div class='av-subheading av-subheading_below'><p>WUNDERSCH\u00d6NE Z\u00c4HNE<\/p>\n<\/div><div class=\"special-heading-border\"><div class=\"special-heading-inner-border\"><\/div><\/div><\/div><br \/>\n<section  class='av_textblock_section av-6stxya-ff4b5172ad714075bb4c059063fb6562'  itemscope=\"itemscope\" itemtype=\"https:\/\/schema.org\/CreativeWork\" ><div class='avia_textblock'  itemprop=\"text\" ><p>In uns finden Sie eine kompetente und verl\u00e4ssliche Zahnarztpraxis. Haben Sie ein akutes Problem,\u00a0wie Zahnschmerzen oder Zahnfleischbluten, oder m\u00f6chten sich um Ihre Vorsorge und\u00a0Gesunderhaltung k\u00fcmmern, vereinbaren Sie einfach einen Termin. Das Beratungsgespr\u00e4ch kl\u00e4rt,\u00a0welche Behandlung f\u00fcr Sie die richtige ist. F\u00fcr Ihr sch\u00f6nstes L\u00e4cheln und gesunde Z\u00e4hne helfen wir\u00a0Ihnen unter anderem mit Zahn\u00e4sthetik, wie Bleaching und Veneers, Zahnersatz, wie Br\u00fccken, Kronen\u00a0und Prothesen, Wurzelbehandlungen und professionellen Zahnreinigungen.<\/p>\n<blockquote>\n<p>Kinder, auch \u00e4ngstliche, sind bei uns \u00fcbrigens willkommen.<\/p>\n<\/blockquote>\n<p>Rufen Sie uns einfach an, damit wir Ihnen helfen k\u00f6nnen!<\/p>\n<\/div><\/section><\/p><\/div>\n<style type=\"text\/css\" data-created_by=\"avia_inline_auto\" id=\"style-css-av-759h2a-5405f17028f4f8306789c739e88e20e0\">\n.flex_column.av-759h2a-5405f17028f4f8306789c739e88e20e0{\nborder-radius:0px 0px 0px 0px;\n-webkit-border-radius:0px 0px 0px 0px;\n-moz-border-radius:0px 0px 0px 0px;\n}\n<\/style>\n<div class='flex_column av-759h2a-5405f17028f4f8306789c739e88e20e0 av_one_full  avia-builder-el-15  el_after_av_one_half  el_before_av_section  avia-builder-el-last  first flex_column_div  av-animated-generic bottom-to-top av-zero-column-padding column-top-margin'   ><p>\n<style type=\"text\/css\" data-created_by=\"avia_inline_auto\" id=\"style-css-av-av_heading-6b6425b42990fe767f143a4c14918fdd\">\n#top .av-special-heading.av-av_heading-6b6425b42990fe767f143a4c14918fdd{\npadding-bottom:20px;\nfont-size:34px;\n}\nbody .av-special-heading.av-av_heading-6b6425b42990fe767f143a4c14918fdd .av-special-heading-tag .heading-char{\nfont-size:25px;\n}\n#top #wrap_all .av-special-heading.av-av_heading-6b6425b42990fe767f143a4c14918fdd .av-special-heading-tag{\nfont-size:34px;\n}\n.av-special-heading.av-av_heading-6b6425b42990fe767f143a4c14918fdd .av-subheading{\nfont-size:15px;\n}\n<\/style>\n<div  class='av-special-heading av-av_heading-6b6425b42990fe767f143a4c14918fdd av-special-heading-h1 blockquote modern-quote  avia-builder-el-16  el_before_av_textblock  avia-builder-el-first  av-inherit-size'><h1 class='av-special-heading-tag'  itemprop=\"headline\"  >SPIELERISCH UND VERTRAUENSVOLL<\/h1><div class='av-subheading av-subheading_below'><p>F\u00dcR DIE GANZE FAMILIE<\/p>\n<\/div><div class=\"special-heading-border\"><div class=\"special-heading-inner-border\"><\/div><\/div><\/div><br \/>\n<section  class='av_textblock_section av-6stxya-ff4b5172ad714075bb4c059063fb6562'  itemscope=\"itemscope\" itemtype=\"https:\/\/schema.org\/CreativeWork\" ><div class='avia_textblock'  itemprop=\"text\" ><p>Ob Ihr Kind bereits \u00e4ngstlich ist, oder zum ersten Mal zu einem Zahnarzt gehen soll und Sie sich\u00a0einen freundlichen und spielerischen Umgang w\u00fcnschen \u2013 hier sind Sie richtig!<\/p>\n<p><strong>Wir freuen uns auf Ihren Besuch!<\/strong><\/p>\n<\/div><\/section><\/p><\/div><\/div><\/div><\/div><!-- close content main div --><\/div><\/div><div id='av_section_3'  class='avia-section av-2600tf-ef901b24755576d6aee97f0d54aa7817 main_color avia-section-default avia-no-border-styling  avia-builder-el-18  el_after_av_one_full  avia-builder-el-last  avia-bg-style-scroll container_wrap sidebar_right'  ><div class='container av-section-cont-open' ><div class='template-page content  av-content-small alpha units'><div class='post-entry post-entry-type-page post-entry-1107'><div class='entry-content-wrapper clearfix'>\n<section  class='av_textblock_section av-6stxya-ff4b5172ad714075bb4c059063fb6562'  itemscope=\"itemscope\" itemtype=\"https:\/\/schema.org\/CreativeWork\" ><div class='avia_textblock'  itemprop=\"text\" ><p>Bei Daniel Kifle, dem Zahnarzt in der N\u00e4he, und seinem Team, k\u00f6nnen Sie Ihre Zahnarztangst\u00a0besiegen. Er ist ein hervorragender Zahnarzt f\u00fcr Angstpatienten und Zahnarzt f\u00fcr Kinder. Sein\u00a0r\u00fccksichtsvolle und herzliche Art nimmt Ihnen die Zahnarztangst ganz sicher.<\/p>\n<p>Ihr Zahnarzt Kifle ber\u00e4t und behandelt bei folgenden zahnmedizinischen Themen:<br \/>\nWurzelbehandlung, Bleaching oder Zahnaufhellung, Zahnimplantate, Zahnersatz, wie Zahnkronen, Br\u00fccken und Veneers, Parodontitis und Parodontosebehandlungen, professionelle Zahnreinigung\u00a0und Zahnprotesenreinigung, sowie Zahnpflege und Gesunderhaltung der Z\u00e4hne.<\/p>\n<\/div><\/section>\n<\/div><\/div><\/div><!-- close content main div --><\/div><\/div><div id='after_section_3'  class='main_color av_default_container_wrap container_wrap sidebar_right'  ><div class='container av-section-cont-open' ><div class='template-page content  av-content-small alpha units'><div class='post-entry post-entry-type-page post-entry-1107'><div class='entry-content-wrapper clearfix'><\/p>\n","protected":false},"excerpt":{"rendered":"","protected":false},"author":1,"featured_media":0,"parent":0,"menu_order":0,"comment_status":"closed","ping_status":"closed","template":"","meta":[],"_links":{"self":[{"href":"https:\/\/zahnarzt-kifle.de\/index.php?rest_route=\/wp\/v2\/pages\/1107"}],"collection":[{"href":"https:\/\/zahnarzt-kifle.de\/index.php?rest_route=\/wp\/v2\/pages"}],"about":[{"href":"https:\/\/zahnarzt-kifle.de\/index.php?rest_route=\/wp\/v2\/types\/page"}],"author":[{"embeddable":true,"href":"https:\/\/zahnarzt-kifle.de\/index.php?rest_route=\/wp\/v2\/users\/1"}],"replies":[{"embeddable":true,"href":"https:\/\/zahnarzt-kifle.de\/index.php?rest_route=%2Fwp%2Fv2%2Fcomments&post=1107"}],"version-history":[{"count":97,"href":"https:\/\/zahnarzt-kifle.de\/index.php?rest_route=\/wp\/v2\/pages\/1107\/revisions"}],"predecessor-version":[{"id":1642,"href":"https:\/\/zahnarzt-kifle.de\/index.php?rest_route=\/wp\/v2\/pages\/1107\/revisions\/1642"}],"wp:attachment":[{"href":"https:\/\/zahnarzt-kifle.de\/index.php?rest_route=%2Fwp%2Fv2%2Fmedia&parent=1107"}],"curies":[{"name":"wp","href":"https:\/\/api.w.org\/{rel}","templated":true}]}}